{"id":792,"date":"2024-09-23T09:48:53","date_gmt":"2024-09-23T09:48:53","guid":{"rendered":"https:\/\/grenier-isis.com\/?post_type=product&#038;p=792"},"modified":"2024-11-02T20:56:56","modified_gmt":"2024-11-02T20:56:56","slug":"chapelet-st-benoit","status":"publish","type":"product","link":"https:\/\/grenier-isis.com\/?product=chapelet-st-benoit","title":{"rendered":"Chapelet SAINT BENO\u00ceT"},"content":{"rendered":"<p><strong>Chapelet de protection en perles d&#8217;h\u00e9matite.\u00a0 <\/strong><\/p>\n<p>Pierre d\u2019ancrage et de connexion \u00e0 l\u2019instant pr\u00e9sent, la pierre d&#8217;h\u00e9matite est tr\u00e8s appr\u00e9ci\u00e9e en <span class=\"BxUVEf ILfuVd\" lang=\"fr\"><span class=\"hgKElc\">lithoth\u00e9rapie<\/span><\/span>. Elle est \u00e9galement synonyme de confiance en soi. Cette pierre noire intense est une invitation \u00e0 se prot\u00e9ger et \u00e0 calmer ses propres exc\u00e8s. D\u00e9couvrez son histoire passionnante et tous ses bienfaits sur le corps et l&#8217;esprit.<\/p>\n<h2 class=\"wp-block-heading\">Vertus et bienfaits de l\u2019H\u00e9matite<\/h2>\n<ul>\n<li>\u00e9quilibre le corps et l\u2019esprit<\/li>\n<li>renforce la confiance en soi<\/li>\n<li>facilite la communication<\/li>\n<li>r\u00e9gule l\u2019afflux sanguin<\/li>\n<li>\u00e9loigne les mauvaises \u00e9nergies<\/li>\n<li>aide \u00e0 lutter contre les exc\u00e8s<\/li>\n<li>combat les sympt\u00f4mes d\u00e9pressifs<\/li>\n<\/ul>\n<p>longueur totale : 45 cm<\/p>\n<p>&nbsp;<\/p>\n","protected":false},"excerpt":{"rendered":"<p><strong>Chapelet de protection en perles d&#8217;h\u00e9matite.\u00a0 <\/strong><\/p>\n","protected":false},"featured_media":787,"comment_status":"open","ping_status":"closed","template":"","meta":{"ocean_post_layout":"","ocean_both_sidebars_style":"","ocean_both_sidebars_content_width":0,"ocean_both_sidebars_sidebars_width":0,"ocean_sidebar":"0","ocean_second_sidebar":"0","ocean_disable_margins":"enable","ocean_add_body_class":"","ocean_shortcode_before_top_bar":"","ocean_shortcode_after_top_bar":"","ocean_shortcode_before_header":"","ocean_shortcode_after_header":"","ocean_has_shortcode":"","ocean_shortcode_after_title":"","ocean_shortcode_before_footer_widgets":"","ocean_shortcode_after_footer_widgets":"","ocean_shortcode_before_footer_bottom":"","ocean_shortcode_after_footer_bottom":"","ocean_display_top_bar":"default","ocean_display_header":"default","ocean_header_style":"","ocean_center_header_left_menu":"0","ocean_custom_header_template":"0","ocean_custom_logo":0,"ocean_custom_retina_logo":0,"ocean_custom_logo_max_width":0,"ocean_custom_logo_tablet_max_width":0,"ocean_custom_logo_mobile_max_width":0,"ocean_custom_logo_max_height":0,"ocean_custom_logo_tablet_max_height":0,"ocean_custom_logo_mobile_max_height":0,"ocean_header_custom_menu":"0","ocean_menu_typo_font_family":"0","ocean_menu_typo_font_subset":"","ocean_menu_typo_font_size":0,"ocean_menu_typo_font_size_tablet":0,"ocean_menu_typo_font_size_mobile":0,"ocean_menu_typo_font_size_unit":"px","ocean_menu_typo_font_weight":"","ocean_menu_typo_font_weight_tablet":"","ocean_menu_typo_font_weight_mobile":"","ocean_menu_typo_transform":"","ocean_menu_typo_transform_tablet":"","ocean_menu_typo_transform_mobile":"","ocean_menu_typo_line_height":0,"ocean_menu_typo_line_height_tablet":0,"ocean_menu_typo_line_height_mobile":0,"ocean_menu_typo_line_height_unit":"","ocean_menu_typo_spacing":0,"ocean_menu_typo_spacing_tablet":0,"ocean_menu_typo_spacing_mobile":0,"ocean_menu_typo_spacing_unit":"","ocean_menu_link_color":"","ocean_menu_link_color_hover":"","ocean_menu_link_color_active":"","ocean_menu_link_background":"","ocean_menu_link_hover_background":"","ocean_menu_link_active_background":"","ocean_menu_social_links_bg":"","ocean_menu_social_hover_links_bg":"","ocean_menu_social_links_color":"","ocean_menu_social_hover_links_color":"","ocean_disable_title":"default","ocean_disable_heading":"default","ocean_post_title":"","ocean_post_subheading":"","ocean_post_title_style":"","ocean_post_title_background_color":"","ocean_post_title_background":0,"ocean_post_title_bg_image_position":"","ocean_post_title_bg_image_attachment":"","ocean_post_title_bg_image_repeat":"","ocean_post_title_bg_image_size":"","ocean_post_title_height":0,"ocean_post_title_bg_overlay":0.5,"ocean_post_title_bg_overlay_color":"","ocean_disable_breadcrumbs":"default","ocean_breadcrumbs_color":"","ocean_breadcrumbs_separator_color":"","ocean_breadcrumbs_links_color":"","ocean_breadcrumbs_links_hover_color":"","ocean_display_footer_widgets":"default","ocean_display_footer_bottom":"default","ocean_custom_footer_template":"0"},"product_cat":[33],"product_tag":[],"yoast_head":"<!-- This site is optimized with the Yoast SEO plugin v23.0 - https:\/\/yoast.com\/wordpress\/plugins\/seo\/ -->\n<title>Chapelet SAINT BENO\u00ceT - Le Grenier d&#039;Isis % %<\/title>\n<meta name=\"description\" content=\"Chapelet de protection St Benoit avec une pierre d\u2019ancrage et de connexion \u00e0 l\u2019instant pr\u00e9sent, la pierre d&#039;H\u00e9matite est tr\u00e8s appr\u00e9ci\u00e9e en lithoth\u00e9rapie.\" \/>\n<meta name=\"robots\" content=\"index, follow, max-snippet:-1, max-image-preview:large, max-video-preview:-1\" \/>\n<link rel=\"canonical\" href=\"https:\/\/grenier-isis.com\/?product=chapelet-st-benoit\" \/>\n<meta property=\"og:locale\" content=\"fr_FR\" \/>\n<meta property=\"og:type\" content=\"article\" \/>\n<meta property=\"og:title\" content=\"Chapelet SAINT BENO\u00ceT - Le Grenier d&#039;Isis % %\" \/>\n<meta property=\"og:description\" content=\"Chapelet de protection St Benoit avec une pierre d\u2019ancrage et de connexion \u00e0 l\u2019instant pr\u00e9sent, la pierre d&#039;H\u00e9matite est tr\u00e8s appr\u00e9ci\u00e9e en lithoth\u00e9rapie.\" \/>\n<meta property=\"og:url\" content=\"https:\/\/grenier-isis.com\/?product=chapelet-st-benoit\" \/>\n<meta property=\"og:site_name\" content=\"Le Grenier d&#039;Isis\" \/>\n<meta property=\"article:publisher\" content=\"https:\/\/www.facebook.com\/people\/Le-grenier-dIsis\/61563455049460\/?mibextid=LQQJ4d&amp;rdid=io61r7MEn4CStVMk&amp;share_url=httpswww.facebook.comshareXayHLvUfMHxAu5pMmibextidLQQJ4d\" \/>\n<meta property=\"article:modified_time\" content=\"2024-11-02T20:56:56+00:00\" \/>\n<meta property=\"og:image\" content=\"https:\/\/grenier-isis.com\/wp-content\/uploads\/2024\/09\/chap4a.jpg\" \/>\n\t<meta property=\"og:image:width\" content=\"750\" \/>\n\t<meta property=\"og:image:height\" content=\"1215\" \/>\n\t<meta property=\"og:image:type\" content=\"image\/jpeg\" \/>\n<meta name=\"twitter:card\" content=\"summary_large_image\" \/>\n<meta name=\"twitter:label1\" content=\"Dur\u00e9e de lecture estim\u00e9e\" \/>\n\t<meta name=\"twitter:data1\" content=\"1 minute\" \/>\n<script type=\"application\/ld+json\" class=\"yoast-schema-graph\">{\"@context\":\"https:\/\/schema.org\",\"@graph\":[{\"@type\":\"WebPage\",\"@id\":\"https:\/\/grenier-isis.com\/?product=chapelet-st-benoit\",\"url\":\"https:\/\/grenier-isis.com\/?product=chapelet-st-benoit\",\"name\":\"Chapelet SAINT BENO\u00ceT - Le Grenier d&#039;Isis % %\",\"isPartOf\":{\"@id\":\"https:\/\/grenier-isis.com\/#website\"},\"primaryImageOfPage\":{\"@id\":\"https:\/\/grenier-isis.com\/?product=chapelet-st-benoit#primaryimage\"},\"image\":{\"@id\":\"https:\/\/grenier-isis.com\/?product=chapelet-st-benoit#primaryimage\"},\"thumbnailUrl\":\"https:\/\/grenier-isis.com\/wp-content\/uploads\/2024\/09\/chap4a.jpg\",\"datePublished\":\"2024-09-23T09:48:53+00:00\",\"dateModified\":\"2024-11-02T20:56:56+00:00\",\"description\":\"Chapelet de protection St Benoit avec une pierre d\u2019ancrage et de connexion \u00e0 l\u2019instant pr\u00e9sent, la pierre d'H\u00e9matite est tr\u00e8s appr\u00e9ci\u00e9e en lithoth\u00e9rapie.\",\"breadcrumb\":{\"@id\":\"https:\/\/grenier-isis.com\/?product=chapelet-st-benoit#breadcrumb\"},\"inLanguage\":\"fr-FR\",\"potentialAction\":[{\"@type\":\"ReadAction\",\"target\":[\"https:\/\/grenier-isis.com\/?product=chapelet-st-benoit\"]}]},{\"@type\":\"ImageObject\",\"inLanguage\":\"fr-FR\",\"@id\":\"https:\/\/grenier-isis.com\/?product=chapelet-st-benoit#primaryimage\",\"url\":\"https:\/\/grenier-isis.com\/wp-content\/uploads\/2024\/09\/chap4a.jpg\",\"contentUrl\":\"https:\/\/grenier-isis.com\/wp-content\/uploads\/2024\/09\/chap4a.jpg\",\"width\":750,\"height\":1215,\"caption\":\"Grenier-isis.com - Spiritualit\u00e9, Guidance et Bien-\u00eatre - Chapelet de protecttion\"},{\"@type\":\"BreadcrumbList\",\"@id\":\"https:\/\/grenier-isis.com\/?product=chapelet-st-benoit#breadcrumb\",\"itemListElement\":[{\"@type\":\"ListItem\",\"position\":1,\"name\":\"Accueil\",\"item\":\"https:\/\/grenier-isis.com\/\"},{\"@type\":\"ListItem\",\"position\":2,\"name\":\"Boutique\",\"item\":\"https:\/\/grenier-isis.com\/?page_id=6\"},{\"@type\":\"ListItem\",\"position\":3,\"name\":\"Chapelet SAINT BENO\u00ceT\"}]},{\"@type\":\"WebSite\",\"@id\":\"https:\/\/grenier-isis.com\/#website\",\"url\":\"https:\/\/grenier-isis.com\/\",\"name\":\"Le Grenier d'Isis\",\"description\":\"Spiritualit\u00e9, Guidance et Bien-\u00eatre, Le Grenier d&#039;Isis cr\u00e9e des objets artisanaux en quantit\u00e9 limit\u00e9e.\",\"publisher\":{\"@id\":\"https:\/\/grenier-isis.com\/#organization\"},\"potentialAction\":[{\"@type\":\"SearchAction\",\"target\":{\"@type\":\"EntryPoint\",\"urlTemplate\":\"https:\/\/grenier-isis.com\/?s={search_term_string}\"},\"query-input\":\"required name=search_term_string\"}],\"inLanguage\":\"fr-FR\"},{\"@type\":\"Organization\",\"@id\":\"https:\/\/grenier-isis.com\/#organization\",\"name\":\"Le Grenier d'Isis\",\"url\":\"https:\/\/grenier-isis.com\/\",\"logo\":{\"@type\":\"ImageObject\",\"inLanguage\":\"fr-FR\",\"@id\":\"https:\/\/grenier-isis.com\/#\/schema\/logo\/image\/\",\"url\":\"https:\/\/grenier-isis.com\/wp-content\/uploads\/2024\/07\/FLYER-grenier-isis1.png\",\"contentUrl\":\"https:\/\/grenier-isis.com\/wp-content\/uploads\/2024\/07\/FLYER-grenier-isis1.png\",\"width\":428,\"height\":441,\"caption\":\"Le Grenier d'Isis\"},\"image\":{\"@id\":\"https:\/\/grenier-isis.com\/#\/schema\/logo\/image\/\"},\"sameAs\":[\"https:\/\/www.facebook.com\/people\/Le-grenier-dIsis\/61563455049460\/?mibextid=LQQJ4d&rdid=io61r7MEn4CStVMk&share_url=httpswww.facebook.comshareXayHLvUfMHxAu5pMmibextidLQQJ4d\",\"https:\/\/www.tiktok.com\/@le_grenier_disis\",\"https:\/\/www.instagram.com\/le_grenier_d_isis_?igsh=aDZlbjVrdnNsbTc3&utm_source=qr\",\"https:\/\/www.youtube.com\/@LeGrenierdIsis\"]}]}<\/script>\n<!-- \/ Yoast SEO plugin. -->","yoast_head_json":{"title":"Chapelet SAINT BENO\u00ceT - Le Grenier d&#039;Isis % %","description":"Chapelet de protection St Benoit avec une pierre d\u2019ancrage et de connexion \u00e0 l\u2019instant pr\u00e9sent, la pierre d'H\u00e9matite est tr\u00e8s appr\u00e9ci\u00e9e en lithoth\u00e9rapie.","robots":{"index":"index","follow":"follow","max-snippet":"max-snippet:-1","max-image-preview":"max-image-preview:large","max-video-preview":"max-video-preview:-1"},"canonical":"https:\/\/grenier-isis.com\/?product=chapelet-st-benoit","og_locale":"fr_FR","og_type":"article","og_title":"Chapelet SAINT BENO\u00ceT - Le Grenier d&#039;Isis % %","og_description":"Chapelet de protection St Benoit avec une pierre d\u2019ancrage et de connexion \u00e0 l\u2019instant pr\u00e9sent, la pierre d'H\u00e9matite est tr\u00e8s appr\u00e9ci\u00e9e en lithoth\u00e9rapie.","og_url":"https:\/\/grenier-isis.com\/?product=chapelet-st-benoit","og_site_name":"Le Grenier d&#039;Isis","article_publisher":"https:\/\/www.facebook.com\/people\/Le-grenier-dIsis\/61563455049460\/?mibextid=LQQJ4d&rdid=io61r7MEn4CStVMk&share_url=httpswww.facebook.comshareXayHLvUfMHxAu5pMmibextidLQQJ4d","article_modified_time":"2024-11-02T20:56:56+00:00","og_image":[{"width":750,"height":1215,"url":"https:\/\/grenier-isis.com\/wp-content\/uploads\/2024\/09\/chap4a.jpg","type":"image\/jpeg"}],"twitter_card":"summary_large_image","twitter_misc":{"Dur\u00e9e de lecture estim\u00e9e":"1 minute"},"schema":{"@context":"https:\/\/schema.org","@graph":[{"@type":"WebPage","@id":"https:\/\/grenier-isis.com\/?product=chapelet-st-benoit","url":"https:\/\/grenier-isis.com\/?product=chapelet-st-benoit","name":"Chapelet SAINT BENO\u00ceT - Le Grenier d&#039;Isis % %","isPartOf":{"@id":"https:\/\/grenier-isis.com\/#website"},"primaryImageOfPage":{"@id":"https:\/\/grenier-isis.com\/?product=chapelet-st-benoit#primaryimage"},"image":{"@id":"https:\/\/grenier-isis.com\/?product=chapelet-st-benoit#primaryimage"},"thumbnailUrl":"https:\/\/grenier-isis.com\/wp-content\/uploads\/2024\/09\/chap4a.jpg","datePublished":"2024-09-23T09:48:53+00:00","dateModified":"2024-11-02T20:56:56+00:00","description":"Chapelet de protection St Benoit avec une pierre d\u2019ancrage et de connexion \u00e0 l\u2019instant pr\u00e9sent, la pierre d'H\u00e9matite est tr\u00e8s appr\u00e9ci\u00e9e en lithoth\u00e9rapie.","breadcrumb":{"@id":"https:\/\/grenier-isis.com\/?product=chapelet-st-benoit#breadcrumb"},"inLanguage":"fr-FR","potentialAction":[{"@type":"ReadAction","target":["https:\/\/grenier-isis.com\/?product=chapelet-st-benoit"]}]},{"@type":"ImageObject","inLanguage":"fr-FR","@id":"https:\/\/grenier-isis.com\/?product=chapelet-st-benoit#primaryimage","url":"https:\/\/grenier-isis.com\/wp-content\/uploads\/2024\/09\/chap4a.jpg","contentUrl":"https:\/\/grenier-isis.com\/wp-content\/uploads\/2024\/09\/chap4a.jpg","width":750,"height":1215,"caption":"Grenier-isis.com - Spiritualit\u00e9, Guidance et Bien-\u00eatre - Chapelet de protecttion"},{"@type":"BreadcrumbList","@id":"https:\/\/grenier-isis.com\/?product=chapelet-st-benoit#breadcrumb","itemListElement":[{"@type":"ListItem","position":1,"name":"Accueil","item":"https:\/\/grenier-isis.com\/"},{"@type":"ListItem","position":2,"name":"Boutique","item":"https:\/\/grenier-isis.com\/?page_id=6"},{"@type":"ListItem","position":3,"name":"Chapelet SAINT BENO\u00ceT"}]},{"@type":"WebSite","@id":"https:\/\/grenier-isis.com\/#website","url":"https:\/\/grenier-isis.com\/","name":"Le Grenier d'Isis","description":"Spiritualit\u00e9, Guidance et Bien-\u00eatre, Le Grenier d&#039;Isis cr\u00e9e des objets artisanaux en quantit\u00e9 limit\u00e9e.","publisher":{"@id":"https:\/\/grenier-isis.com\/#organization"},"potentialAction":[{"@type":"SearchAction","target":{"@type":"EntryPoint","urlTemplate":"https:\/\/grenier-isis.com\/?s={search_term_string}"},"query-input":"required name=search_term_string"}],"inLanguage":"fr-FR"},{"@type":"Organization","@id":"https:\/\/grenier-isis.com\/#organization","name":"Le Grenier d'Isis","url":"https:\/\/grenier-isis.com\/","logo":{"@type":"ImageObject","inLanguage":"fr-FR","@id":"https:\/\/grenier-isis.com\/#\/schema\/logo\/image\/","url":"https:\/\/grenier-isis.com\/wp-content\/uploads\/2024\/07\/FLYER-grenier-isis1.png","contentUrl":"https:\/\/grenier-isis.com\/wp-content\/uploads\/2024\/07\/FLYER-grenier-isis1.png","width":428,"height":441,"caption":"Le Grenier d'Isis"},"image":{"@id":"https:\/\/grenier-isis.com\/#\/schema\/logo\/image\/"},"sameAs":["https:\/\/www.facebook.com\/people\/Le-grenier-dIsis\/61563455049460\/?mibextid=LQQJ4d&rdid=io61r7MEn4CStVMk&share_url=httpswww.facebook.comshareXayHLvUfMHxAu5pMmibextidLQQJ4d","https:\/\/www.tiktok.com\/@le_grenier_disis","https:\/\/www.instagram.com\/le_grenier_d_isis_?igsh=aDZlbjVrdnNsbTc3&utm_source=qr","https:\/\/www.youtube.com\/@LeGrenierdIsis"]}]}},"_links":{"self":[{"href":"https:\/\/grenier-isis.com\/index.php?rest_route=\/wp\/v2\/product\/792"}],"collection":[{"href":"https:\/\/grenier-isis.com\/index.php?rest_route=\/wp\/v2\/product"}],"about":[{"href":"https:\/\/grenier-isis.com\/index.php?rest_route=\/wp\/v2\/types\/product"}],"replies":[{"embeddable":true,"href":"https:\/\/grenier-isis.com\/index.php?rest_route=%2Fwp%2Fv2%2Fcomments&post=792"}],"wp:featuredmedia":[{"embeddable":true,"href":"https:\/\/grenier-isis.com\/index.php?rest_route=\/wp\/v2\/media\/787"}],"wp:attachment":[{"href":"https:\/\/grenier-isis.com\/index.php?rest_route=%2Fwp%2Fv2%2Fmedia&parent=792"}],"wp:term":[{"taxonomy":"product_cat","embeddable":true,"href":"https:\/\/grenier-isis.com\/index.php?rest_route=%2Fwp%2Fv2%2Fproduct_cat&post=792"},{"taxonomy":"product_tag","embeddable":true,"href":"https:\/\/grenier-isis.com\/index.php?rest_route=%2Fwp%2Fv2%2Fproduct_tag&post=792"}],"curies":[{"name":"wp","href":"https:\/\/api.w.org\/{rel}","templated":true}]}}