{"id":549,"date":"2024-09-05T09:58:25","date_gmt":"2024-09-05T09:58:25","guid":{"rendered":"https:\/\/grenier-isis.com\/?post_type=product&#038;p=549"},"modified":"2024-11-02T22:43:13","modified_gmt":"2024-11-02T22:43:13","slug":"pendule-divinatoire-004","status":"publish","type":"product","link":"https:\/\/grenier-isis.com\/?product=pendule-divinatoire-004","title":{"rendered":"Pendule ATH&Eacute;NA"},"content":{"rendered":"<p><strong>Pendule divinatoire qui peut \u00eatre d\u00e9viss\u00e9 pour y placer une pierre de protection selon votre choix&#8230;<\/strong><\/p>\n<p>Cha\u00eene en m\u00e9tal couleur bronze, orn\u00e9e de deux perles d&#8221;agate teint\u00e9e et une breloque en forme de chouette.<br \/>\nLongueur :<br \/>\nsans pendentif : 30,5 cm<br \/>\navec pendentif : 34 cm<\/p>\n<p>Le pendule peut \u00eatre utilis\u00e9 pour am\u00e9liorer votre bien-\u00eatre, vous divertir, travailler vos facult\u00e9s mentales, trouver des r\u00e9ponses, des pistes, des solutions \u00e0 vos soucis ou \u00e0 ceux de vos proches, faire des choix, retrouver un objet \u00e9gar\u00e9 ou une personne disparue, etc.<br \/>\n<span class=\"ILfuVd\" lang=\"fr\"><span class=\"hgKElc\">Le pendule <b>est porteur d&#8217;un grand magn\u00e9tisme qui permet d&#8217;attirer les \u00e9nergies positives, de d\u00e9nouer les n\u0153uds dans le corps, le corps \u00e9motionnel et le mental pour l&#8217;apaiser<\/b>. \u00c9videmment, en cas de d\u00e9tresse, il ne remplacera jamais un psychoth\u00e9rapeute ou un m\u00e9decin<\/span><\/span><\/p>\n<p><em>Il s&#8217;agit d&#8217;une pi\u00e8ce unique&#8230;<\/em><\/p>\n","protected":false},"excerpt":{"rendered":"<p>Pendule divinatoire unique, con\u00e7u et assembl\u00e9 par le Grenier d&#8217;Isis&#8230;<\/p>\n","protected":false},"featured_media":540,"comment_status":"open","ping_status":"closed","template":"","meta":{"ocean_post_layout":"","ocean_both_sidebars_style":"","ocean_both_sidebars_content_width":0,"ocean_both_sidebars_sidebars_width":0,"ocean_sidebar":"0","ocean_second_sidebar":"0","ocean_disable_margins":"enable","ocean_add_body_class":"","ocean_shortcode_before_top_bar":"","ocean_shortcode_after_top_bar":"","ocean_shortcode_before_header":"","ocean_shortcode_after_header":"","ocean_has_shortcode":"","ocean_shortcode_after_title":"","ocean_shortcode_before_footer_widgets":"","ocean_shortcode_after_footer_widgets":"","ocean_shortcode_before_footer_bottom":"","ocean_shortcode_after_footer_bottom":"","ocean_display_top_bar":"default","ocean_display_header":"default","ocean_header_style":"","ocean_center_header_left_menu":"0","ocean_custom_header_template":"0","ocean_custom_logo":0,"ocean_custom_retina_logo":0,"ocean_custom_logo_max_width":0,"ocean_custom_logo_tablet_max_width":0,"ocean_custom_logo_mobile_max_width":0,"ocean_custom_logo_max_height":0,"ocean_custom_logo_tablet_max_height":0,"ocean_custom_logo_mobile_max_height":0,"ocean_header_custom_menu":"0","ocean_menu_typo_font_family":"0","ocean_menu_typo_font_subset":"","ocean_menu_typo_font_size":0,"ocean_menu_typo_font_size_tablet":0,"ocean_menu_typo_font_size_mobile":0,"ocean_menu_typo_font_size_unit":"px","ocean_menu_typo_font_weight":"","ocean_menu_typo_font_weight_tablet":"","ocean_menu_typo_font_weight_mobile":"","ocean_menu_typo_transform":"","ocean_menu_typo_transform_tablet":"","ocean_menu_typo_transform_mobile":"","ocean_menu_typo_line_height":0,"ocean_menu_typo_line_height_tablet":0,"ocean_menu_typo_line_height_mobile":0,"ocean_menu_typo_line_height_unit":"","ocean_menu_typo_spacing":0,"ocean_menu_typo_spacing_tablet":0,"ocean_menu_typo_spacing_mobile":0,"ocean_menu_typo_spacing_unit":"","ocean_menu_link_color":"","ocean_menu_link_color_hover":"","ocean_menu_link_color_active":"","ocean_menu_link_background":"","ocean_menu_link_hover_background":"","ocean_menu_link_active_background":"","ocean_menu_social_links_bg":"","ocean_menu_social_hover_links_bg":"","ocean_menu_social_links_color":"","ocean_menu_social_hover_links_color":"","ocean_disable_title":"default","ocean_disable_heading":"default","ocean_post_title":"","ocean_post_subheading":"","ocean_post_title_style":"","ocean_post_title_background_color":"","ocean_post_title_background":0,"ocean_post_title_bg_image_position":"","ocean_post_title_bg_image_attachment":"","ocean_post_title_bg_image_repeat":"","ocean_post_title_bg_image_size":"","ocean_post_title_height":0,"ocean_post_title_bg_overlay":0.5,"ocean_post_title_bg_overlay_color":"","ocean_disable_breadcrumbs":"default","ocean_breadcrumbs_color":"","ocean_breadcrumbs_separator_color":"","ocean_breadcrumbs_links_color":"","ocean_breadcrumbs_links_hover_color":"","ocean_display_footer_widgets":"default","ocean_display_footer_bottom":"default","ocean_custom_footer_template":"0"},"product_cat":[32],"product_tag":[],"yoast_head":"<!-- This site is optimized with the Yoast SEO plugin v23.0 - https:\/\/yoast.com\/wordpress\/plugins\/seo\/ -->\n<title>Divination pendule fait \u00e0 la mainPendule ATH&Eacute;NA - Le Grenier d&#039;Isis<\/title>\n<meta name=\"description\" content=\"Le Grenier d&#039;Isis - Pendule ATH&Eacute;NA PENDULE FAIT \u00e0 la main. Spiritualit\u00e9, radiesth\u00e9sie et guidance. pierre de protection selon votre choix.\" \/>\n<meta name=\"robots\" content=\"index, follow, max-snippet:-1, max-image-preview:large, max-video-preview:-1\" \/>\n<link rel=\"canonical\" href=\"https:\/\/grenier-isis.com\/?product=pendule-divinatoire-004\" \/>\n<meta property=\"og:locale\" content=\"fr_FR\" \/>\n<meta property=\"og:type\" content=\"article\" \/>\n<meta property=\"og:title\" content=\"Divination pendule fait \u00e0 la mainPendule ATH&Eacute;NA - Le Grenier d&#039;Isis\" \/>\n<meta property=\"og:description\" content=\"Le Grenier d&#039;Isis - Pendule ATH&Eacute;NA PENDULE FAIT \u00e0 la main. Spiritualit\u00e9, radiesth\u00e9sie et guidance. pierre de protection selon votre choix.\" \/>\n<meta property=\"og:url\" content=\"https:\/\/grenier-isis.com\/?product=pendule-divinatoire-004\" \/>\n<meta property=\"og:site_name\" content=\"Le Grenier d&#039;Isis\" \/>\n<meta property=\"article:publisher\" content=\"https:\/\/www.facebook.com\/people\/Le-grenier-dIsis\/61563455049460\/?mibextid=LQQJ4d&amp;rdid=io61r7MEn4CStVMk&amp;share_url=httpswww.facebook.comshareXayHLvUfMHxAu5pMmibextidLQQJ4d\" \/>\n<meta property=\"article:modified_time\" content=\"2024-11-02T22:43:13+00:00\" \/>\n<meta property=\"og:image\" content=\"https:\/\/grenier-isis.com\/wp-content\/uploads\/2024\/09\/pend4-a.jpg\" \/>\n\t<meta property=\"og:image:width\" content=\"750\" \/>\n\t<meta property=\"og:image:height\" content=\"1136\" \/>\n\t<meta property=\"og:image:type\" content=\"image\/jpeg\" \/>\n<meta name=\"twitter:card\" content=\"summary_large_image\" \/>\n<meta name=\"twitter:label1\" content=\"Dur\u00e9e de lecture estim\u00e9e\" \/>\n\t<meta name=\"twitter:data1\" content=\"1 minute\" \/>\n<script type=\"application\/ld+json\" class=\"yoast-schema-graph\">{\"@context\":\"https:\/\/schema.org\",\"@graph\":[{\"@type\":\"WebPage\",\"@id\":\"https:\/\/grenier-isis.com\/?product=pendule-divinatoire-004\",\"url\":\"https:\/\/grenier-isis.com\/?product=pendule-divinatoire-004\",\"name\":\"Divination pendule fait \u00e0 la mainPendule ATH&Eacute;NA - Le Grenier d&#039;Isis\",\"isPartOf\":{\"@id\":\"https:\/\/grenier-isis.com\/#website\"},\"primaryImageOfPage\":{\"@id\":\"https:\/\/grenier-isis.com\/?product=pendule-divinatoire-004#primaryimage\"},\"image\":{\"@id\":\"https:\/\/grenier-isis.com\/?product=pendule-divinatoire-004#primaryimage\"},\"thumbnailUrl\":\"https:\/\/grenier-isis.com\/wp-content\/uploads\/2024\/09\/pend4-a.jpg\",\"datePublished\":\"2024-09-05T09:58:25+00:00\",\"dateModified\":\"2024-11-02T22:43:13+00:00\",\"description\":\"Le Grenier d&#039;Isis - Pendule ATH&Eacute;NA PENDULE FAIT \u00e0 la main. Spiritualit\u00e9, radiesth\u00e9sie et guidance. pierre de protection selon votre choix.\",\"breadcrumb\":{\"@id\":\"https:\/\/grenier-isis.com\/?product=pendule-divinatoire-004#breadcrumb\"},\"inLanguage\":\"fr-FR\",\"potentialAction\":[{\"@type\":\"ReadAction\",\"target\":[\"https:\/\/grenier-isis.com\/?product=pendule-divinatoire-004\"]}]},{\"@type\":\"ImageObject\",\"inLanguage\":\"fr-FR\",\"@id\":\"https:\/\/grenier-isis.com\/?product=pendule-divinatoire-004#primaryimage\",\"url\":\"https:\/\/grenier-isis.com\/wp-content\/uploads\/2024\/09\/pend4-a.jpg\",\"contentUrl\":\"https:\/\/grenier-isis.com\/wp-content\/uploads\/2024\/09\/pend4-a.jpg\",\"width\":750,\"height\":1136,\"caption\":\"Grenier-isis.com Divination et pendule fait \u00e0 la main - Spiritualit\u00e9, radiesth\u00e9sie\"},{\"@type\":\"BreadcrumbList\",\"@id\":\"https:\/\/grenier-isis.com\/?product=pendule-divinatoire-004#breadcrumb\",\"itemListElement\":[{\"@type\":\"ListItem\",\"position\":1,\"name\":\"Accueil\",\"item\":\"https:\/\/grenier-isis.com\/\"},{\"@type\":\"ListItem\",\"position\":2,\"name\":\"Boutique\",\"item\":\"https:\/\/grenier-isis.com\/?page_id=6\"},{\"@type\":\"ListItem\",\"position\":3,\"name\":\"Pendule ATH&Eacute;NA\"}]},{\"@type\":\"WebSite\",\"@id\":\"https:\/\/grenier-isis.com\/#website\",\"url\":\"https:\/\/grenier-isis.com\/\",\"name\":\"Le Grenier d'Isis\",\"description\":\"Spiritualit\u00e9, Guidance et Bien-\u00eatre, Le Grenier d&#039;Isis cr\u00e9e des objets artisanaux en quantit\u00e9 limit\u00e9e.\",\"publisher\":{\"@id\":\"https:\/\/grenier-isis.com\/#organization\"},\"potentialAction\":[{\"@type\":\"SearchAction\",\"target\":{\"@type\":\"EntryPoint\",\"urlTemplate\":\"https:\/\/grenier-isis.com\/?s={search_term_string}\"},\"query-input\":\"required name=search_term_string\"}],\"inLanguage\":\"fr-FR\"},{\"@type\":\"Organization\",\"@id\":\"https:\/\/grenier-isis.com\/#organization\",\"name\":\"Le Grenier d'Isis\",\"url\":\"https:\/\/grenier-isis.com\/\",\"logo\":{\"@type\":\"ImageObject\",\"inLanguage\":\"fr-FR\",\"@id\":\"https:\/\/grenier-isis.com\/#\/schema\/logo\/image\/\",\"url\":\"https:\/\/grenier-isis.com\/wp-content\/uploads\/2024\/07\/FLYER-grenier-isis1.png\",\"contentUrl\":\"https:\/\/grenier-isis.com\/wp-content\/uploads\/2024\/07\/FLYER-grenier-isis1.png\",\"width\":428,\"height\":441,\"caption\":\"Le Grenier d'Isis\"},\"image\":{\"@id\":\"https:\/\/grenier-isis.com\/#\/schema\/logo\/image\/\"},\"sameAs\":[\"https:\/\/www.facebook.com\/people\/Le-grenier-dIsis\/61563455049460\/?mibextid=LQQJ4d&rdid=io61r7MEn4CStVMk&share_url=httpswww.facebook.comshareXayHLvUfMHxAu5pMmibextidLQQJ4d\",\"https:\/\/www.tiktok.com\/@le_grenier_disis\",\"https:\/\/www.instagram.com\/le_grenier_d_isis_?igsh=aDZlbjVrdnNsbTc3&utm_source=qr\",\"https:\/\/www.youtube.com\/@LeGrenierdIsis\"]}]}<\/script>\n<!-- \/ Yoast SEO plugin. -->","yoast_head_json":{"title":"Divination pendule fait \u00e0 la mainPendule ATH&Eacute;NA - Le Grenier d&#039;Isis","description":"Le Grenier d&#039;Isis - Pendule ATH&Eacute;NA PENDULE FAIT \u00e0 la main. Spiritualit\u00e9, radiesth\u00e9sie et guidance. pierre de protection selon votre choix.","robots":{"index":"index","follow":"follow","max-snippet":"max-snippet:-1","max-image-preview":"max-image-preview:large","max-video-preview":"max-video-preview:-1"},"canonical":"https:\/\/grenier-isis.com\/?product=pendule-divinatoire-004","og_locale":"fr_FR","og_type":"article","og_title":"Divination pendule fait \u00e0 la mainPendule ATH&Eacute;NA - Le Grenier d&#039;Isis","og_description":"Le Grenier d&#039;Isis - Pendule ATH&Eacute;NA PENDULE FAIT \u00e0 la main. Spiritualit\u00e9, radiesth\u00e9sie et guidance. pierre de protection selon votre choix.","og_url":"https:\/\/grenier-isis.com\/?product=pendule-divinatoire-004","og_site_name":"Le Grenier d&#039;Isis","article_publisher":"https:\/\/www.facebook.com\/people\/Le-grenier-dIsis\/61563455049460\/?mibextid=LQQJ4d&rdid=io61r7MEn4CStVMk&share_url=httpswww.facebook.comshareXayHLvUfMHxAu5pMmibextidLQQJ4d","article_modified_time":"2024-11-02T22:43:13+00:00","og_image":[{"width":750,"height":1136,"url":"https:\/\/grenier-isis.com\/wp-content\/uploads\/2024\/09\/pend4-a.jpg","type":"image\/jpeg"}],"twitter_card":"summary_large_image","twitter_misc":{"Dur\u00e9e de lecture estim\u00e9e":"1 minute"},"schema":{"@context":"https:\/\/schema.org","@graph":[{"@type":"WebPage","@id":"https:\/\/grenier-isis.com\/?product=pendule-divinatoire-004","url":"https:\/\/grenier-isis.com\/?product=pendule-divinatoire-004","name":"Divination pendule fait \u00e0 la mainPendule ATH&Eacute;NA - Le Grenier d&#039;Isis","isPartOf":{"@id":"https:\/\/grenier-isis.com\/#website"},"primaryImageOfPage":{"@id":"https:\/\/grenier-isis.com\/?product=pendule-divinatoire-004#primaryimage"},"image":{"@id":"https:\/\/grenier-isis.com\/?product=pendule-divinatoire-004#primaryimage"},"thumbnailUrl":"https:\/\/grenier-isis.com\/wp-content\/uploads\/2024\/09\/pend4-a.jpg","datePublished":"2024-09-05T09:58:25+00:00","dateModified":"2024-11-02T22:43:13+00:00","description":"Le Grenier d&#039;Isis - Pendule ATH&Eacute;NA PENDULE FAIT \u00e0 la main. Spiritualit\u00e9, radiesth\u00e9sie et guidance. pierre de protection selon votre choix.","breadcrumb":{"@id":"https:\/\/grenier-isis.com\/?product=pendule-divinatoire-004#breadcrumb"},"inLanguage":"fr-FR","potentialAction":[{"@type":"ReadAction","target":["https:\/\/grenier-isis.com\/?product=pendule-divinatoire-004"]}]},{"@type":"ImageObject","inLanguage":"fr-FR","@id":"https:\/\/grenier-isis.com\/?product=pendule-divinatoire-004#primaryimage","url":"https:\/\/grenier-isis.com\/wp-content\/uploads\/2024\/09\/pend4-a.jpg","contentUrl":"https:\/\/grenier-isis.com\/wp-content\/uploads\/2024\/09\/pend4-a.jpg","width":750,"height":1136,"caption":"Grenier-isis.com Divination et pendule fait \u00e0 la main - Spiritualit\u00e9, radiesth\u00e9sie"},{"@type":"BreadcrumbList","@id":"https:\/\/grenier-isis.com\/?product=pendule-divinatoire-004#breadcrumb","itemListElement":[{"@type":"ListItem","position":1,"name":"Accueil","item":"https:\/\/grenier-isis.com\/"},{"@type":"ListItem","position":2,"name":"Boutique","item":"https:\/\/grenier-isis.com\/?page_id=6"},{"@type":"ListItem","position":3,"name":"Pendule ATH&Eacute;NA"}]},{"@type":"WebSite","@id":"https:\/\/grenier-isis.com\/#website","url":"https:\/\/grenier-isis.com\/","name":"Le Grenier d'Isis","description":"Spiritualit\u00e9, Guidance et Bien-\u00eatre, Le Grenier d&#039;Isis cr\u00e9e des objets artisanaux en quantit\u00e9 limit\u00e9e.","publisher":{"@id":"https:\/\/grenier-isis.com\/#organization"},"potentialAction":[{"@type":"SearchAction","target":{"@type":"EntryPoint","urlTemplate":"https:\/\/grenier-isis.com\/?s={search_term_string}"},"query-input":"required name=search_term_string"}],"inLanguage":"fr-FR"},{"@type":"Organization","@id":"https:\/\/grenier-isis.com\/#organization","name":"Le Grenier d'Isis","url":"https:\/\/grenier-isis.com\/","logo":{"@type":"ImageObject","inLanguage":"fr-FR","@id":"https:\/\/grenier-isis.com\/#\/schema\/logo\/image\/","url":"https:\/\/grenier-isis.com\/wp-content\/uploads\/2024\/07\/FLYER-grenier-isis1.png","contentUrl":"https:\/\/grenier-isis.com\/wp-content\/uploads\/2024\/07\/FLYER-grenier-isis1.png","width":428,"height":441,"caption":"Le Grenier d'Isis"},"image":{"@id":"https:\/\/grenier-isis.com\/#\/schema\/logo\/image\/"},"sameAs":["https:\/\/www.facebook.com\/people\/Le-grenier-dIsis\/61563455049460\/?mibextid=LQQJ4d&rdid=io61r7MEn4CStVMk&share_url=httpswww.facebook.comshareXayHLvUfMHxAu5pMmibextidLQQJ4d","https:\/\/www.tiktok.com\/@le_grenier_disis","https:\/\/www.instagram.com\/le_grenier_d_isis_?igsh=aDZlbjVrdnNsbTc3&utm_source=qr","https:\/\/www.youtube.com\/@LeGrenierdIsis"]}]}},"_links":{"self":[{"href":"https:\/\/grenier-isis.com\/index.php?rest_route=\/wp\/v2\/product\/549"}],"collection":[{"href":"https:\/\/grenier-isis.com\/index.php?rest_route=\/wp\/v2\/product"}],"about":[{"href":"https:\/\/grenier-isis.com\/index.php?rest_route=\/wp\/v2\/types\/product"}],"replies":[{"embeddable":true,"href":"https:\/\/grenier-isis.com\/index.php?rest_route=%2Fwp%2Fv2%2Fcomments&post=549"}],"wp:featuredmedia":[{"embeddable":true,"href":"https:\/\/grenier-isis.com\/index.php?rest_route=\/wp\/v2\/media\/540"}],"wp:attachment":[{"href":"https:\/\/grenier-isis.com\/index.php?rest_route=%2Fwp%2Fv2%2Fmedia&parent=549"}],"wp:term":[{"taxonomy":"product_cat","embeddable":true,"href":"https:\/\/grenier-isis.com\/index.php?rest_route=%2Fwp%2Fv2%2Fproduct_cat&post=549"},{"taxonomy":"product_tag","embeddable":true,"href":"https:\/\/grenier-isis.com\/index.php?rest_route=%2Fwp%2Fv2%2Fproduct_tag&post=549"}],"curies":[{"name":"wp","href":"https:\/\/api.w.org\/{rel}","templated":true}]}}