{"id":548,"date":"2024-09-05T09:51:48","date_gmt":"2024-09-05T09:51:48","guid":{"rendered":"https:\/\/grenier-isis.com\/?post_type=product&#038;p=548"},"modified":"2024-11-02T22:49:59","modified_gmt":"2024-11-02T22:49:59","slug":"pendule-divinatoire-003","status":"publish","type":"product","link":"https:\/\/grenier-isis.com\/?product=pendule-divinatoire-003","title":{"rendered":"Pendule APHRODITE"},"content":{"rendered":"<p><strong>Pendule divinatoire r\u00e9alis\u00e9 autour d&#8217;une pierre semi-pr\u00e9cieuse en quartz rose<\/strong>.<\/p>\n<p>Le quartz rose est souvent appel\u00e9 &#8220;pierre d&#8217;amour&#8221; en raison de fortes vibrations d&#8217;amour, de joie, d&#8217;acceptation et de gu\u00e9rison \u00e9motionnelle.<\/p>\n<p>Cha\u00eene en m\u00e9tal couleur bronze, \u00e9cor\u00e9e de deux pierres de cristal de roche et d&#8217;une breloque en forme de lune.<br \/>\nLongueur de la cha\u00eene :<br \/>\nsans pierre : 32,5 cm<br \/>\navec pierre : 35,5 cm<\/p>\n<p>Le pendule peut \u00eatre utilis\u00e9 pour am\u00e9liorer votre bien-\u00eatre, vous divertir, travailler vos facult\u00e9s mentales, trouver des r\u00e9ponses, des pistes, des solutions \u00e0 vos soucis ou \u00e0 ceux de vos proches, faire des choix, retrouver un objet \u00e9gar\u00e9 ou une personne disparue, etc.<\/p>\n<p><em>Il s&#8217;agit d&#8217;une pi\u00e8ce unique&#8230;<\/em><\/p>\n","protected":false},"excerpt":{"rendered":"<p>Pendule divinatoire unique, con\u00e7u et assembl\u00e9 par le Grenier d&#8217;Isis&#8230;<\/p>\n","protected":false},"featured_media":537,"comment_status":"open","ping_status":"closed","template":"","meta":{"ocean_post_layout":"","ocean_both_sidebars_style":"","ocean_both_sidebars_content_width":0,"ocean_both_sidebars_sidebars_width":0,"ocean_sidebar":"0","ocean_second_sidebar":"0","ocean_disable_margins":"enable","ocean_add_body_class":"","ocean_shortcode_before_top_bar":"","ocean_shortcode_after_top_bar":"","ocean_shortcode_before_header":"","ocean_shortcode_after_header":"","ocean_has_shortcode":"","ocean_shortcode_after_title":"","ocean_shortcode_before_footer_widgets":"","ocean_shortcode_after_footer_widgets":"","ocean_shortcode_before_footer_bottom":"","ocean_shortcode_after_footer_bottom":"","ocean_display_top_bar":"default","ocean_display_header":"default","ocean_header_style":"","ocean_center_header_left_menu":"0","ocean_custom_header_template":"0","ocean_custom_logo":0,"ocean_custom_retina_logo":0,"ocean_custom_logo_max_width":0,"ocean_custom_logo_tablet_max_width":0,"ocean_custom_logo_mobile_max_width":0,"ocean_custom_logo_max_height":0,"ocean_custom_logo_tablet_max_height":0,"ocean_custom_logo_mobile_max_height":0,"ocean_header_custom_menu":"0","ocean_menu_typo_font_family":"0","ocean_menu_typo_font_subset":"","ocean_menu_typo_font_size":0,"ocean_menu_typo_font_size_tablet":0,"ocean_menu_typo_font_size_mobile":0,"ocean_menu_typo_font_size_unit":"px","ocean_menu_typo_font_weight":"","ocean_menu_typo_font_weight_tablet":"","ocean_menu_typo_font_weight_mobile":"","ocean_menu_typo_transform":"","ocean_menu_typo_transform_tablet":"","ocean_menu_typo_transform_mobile":"","ocean_menu_typo_line_height":0,"ocean_menu_typo_line_height_tablet":0,"ocean_menu_typo_line_height_mobile":0,"ocean_menu_typo_line_height_unit":"","ocean_menu_typo_spacing":0,"ocean_menu_typo_spacing_tablet":0,"ocean_menu_typo_spacing_mobile":0,"ocean_menu_typo_spacing_unit":"","ocean_menu_link_color":"","ocean_menu_link_color_hover":"","ocean_menu_link_color_active":"","ocean_menu_link_background":"","ocean_menu_link_hover_background":"","ocean_menu_link_active_background":"","ocean_menu_social_links_bg":"","ocean_menu_social_hover_links_bg":"","ocean_menu_social_links_color":"","ocean_menu_social_hover_links_color":"","ocean_disable_title":"default","ocean_disable_heading":"default","ocean_post_title":"","ocean_post_subheading":"","ocean_post_title_style":"","ocean_post_title_background_color":"","ocean_post_title_background":0,"ocean_post_title_bg_image_position":"","ocean_post_title_bg_image_attachment":"","ocean_post_title_bg_image_repeat":"","ocean_post_title_bg_image_size":"","ocean_post_title_height":0,"ocean_post_title_bg_overlay":0.5,"ocean_post_title_bg_overlay_color":"","ocean_disable_breadcrumbs":"default","ocean_breadcrumbs_color":"","ocean_breadcrumbs_separator_color":"","ocean_breadcrumbs_links_color":"","ocean_breadcrumbs_links_hover_color":"","ocean_display_footer_widgets":"default","ocean_display_footer_bottom":"default","ocean_custom_footer_template":"0"},"product_cat":[32],"product_tag":[],"yoast_head":"<!-- This site is optimized with the Yoast SEO plugin v23.0 - https:\/\/yoast.com\/wordpress\/plugins\/seo\/ -->\n<title>Pendule divinatoire r\u00e9alis\u00e9 \u00e0 la mainPendule APHRODITE - Le Grenier d&#039;Isis<\/title>\n<meta name=\"description\" content=\"Le Grenier d&#039;Isis - Pendule APHRODITE Pendule divinatoire r\u00e9alis\u00e9 \u00e0 la main. Le quartz rose est souvent appel\u00e9 &quot;pierre d&#039;amour&quot;.\" \/>\n<meta name=\"robots\" content=\"index, follow, max-snippet:-1, max-image-preview:large, max-video-preview:-1\" \/>\n<link rel=\"canonical\" href=\"https:\/\/grenier-isis.com\/?product=pendule-divinatoire-003\" \/>\n<meta property=\"og:locale\" content=\"fr_FR\" \/>\n<meta property=\"og:type\" content=\"article\" \/>\n<meta property=\"og:title\" content=\"Pendule divinatoire r\u00e9alis\u00e9 \u00e0 la mainPendule APHRODITE - Le Grenier d&#039;Isis\" \/>\n<meta property=\"og:description\" content=\"Le Grenier d&#039;Isis - Pendule APHRODITE Pendule divinatoire r\u00e9alis\u00e9 \u00e0 la main. Le quartz rose est souvent appel\u00e9 &quot;pierre d&#039;amour&quot;.\" \/>\n<meta property=\"og:url\" content=\"https:\/\/grenier-isis.com\/?product=pendule-divinatoire-003\" \/>\n<meta property=\"og:site_name\" content=\"Le Grenier d&#039;Isis\" \/>\n<meta property=\"article:publisher\" content=\"https:\/\/www.facebook.com\/people\/Le-grenier-dIsis\/61563455049460\/?mibextid=LQQJ4d&amp;rdid=io61r7MEn4CStVMk&amp;share_url=httpswww.facebook.comshareXayHLvUfMHxAu5pMmibextidLQQJ4d\" \/>\n<meta property=\"article:modified_time\" content=\"2024-11-02T22:49:59+00:00\" \/>\n<meta property=\"og:image\" content=\"https:\/\/grenier-isis.com\/wp-content\/uploads\/2024\/09\/pend3-a.jpg\" \/>\n\t<meta property=\"og:image:width\" content=\"750\" \/>\n\t<meta property=\"og:image:height\" content=\"1042\" \/>\n\t<meta property=\"og:image:type\" content=\"image\/jpeg\" \/>\n<meta name=\"twitter:card\" content=\"summary_large_image\" \/>\n<meta name=\"twitter:label1\" content=\"Dur\u00e9e de lecture estim\u00e9e\" \/>\n\t<meta name=\"twitter:data1\" content=\"1 minute\" \/>\n<script type=\"application\/ld+json\" class=\"yoast-schema-graph\">{\"@context\":\"https:\/\/schema.org\",\"@graph\":[{\"@type\":\"WebPage\",\"@id\":\"https:\/\/grenier-isis.com\/?product=pendule-divinatoire-003\",\"url\":\"https:\/\/grenier-isis.com\/?product=pendule-divinatoire-003\",\"name\":\"Pendule divinatoire r\u00e9alis\u00e9 \u00e0 la mainPendule APHRODITE - Le Grenier d&#039;Isis\",\"isPartOf\":{\"@id\":\"https:\/\/grenier-isis.com\/#website\"},\"primaryImageOfPage\":{\"@id\":\"https:\/\/grenier-isis.com\/?product=pendule-divinatoire-003#primaryimage\"},\"image\":{\"@id\":\"https:\/\/grenier-isis.com\/?product=pendule-divinatoire-003#primaryimage\"},\"thumbnailUrl\":\"https:\/\/grenier-isis.com\/wp-content\/uploads\/2024\/09\/pend3-a.jpg\",\"datePublished\":\"2024-09-05T09:51:48+00:00\",\"dateModified\":\"2024-11-02T22:49:59+00:00\",\"description\":\"Le Grenier d&#039;Isis - Pendule APHRODITE Pendule divinatoire r\u00e9alis\u00e9 \u00e0 la main. Le quartz rose est souvent appel\u00e9 \\\"pierre d'amour\\\".\",\"breadcrumb\":{\"@id\":\"https:\/\/grenier-isis.com\/?product=pendule-divinatoire-003#breadcrumb\"},\"inLanguage\":\"fr-FR\",\"potentialAction\":[{\"@type\":\"ReadAction\",\"target\":[\"https:\/\/grenier-isis.com\/?product=pendule-divinatoire-003\"]}]},{\"@type\":\"ImageObject\",\"inLanguage\":\"fr-FR\",\"@id\":\"https:\/\/grenier-isis.com\/?product=pendule-divinatoire-003#primaryimage\",\"url\":\"https:\/\/grenier-isis.com\/wp-content\/uploads\/2024\/09\/pend3-a.jpg\",\"contentUrl\":\"https:\/\/grenier-isis.com\/wp-content\/uploads\/2024\/09\/pend3-a.jpg\",\"width\":750,\"height\":1042,\"caption\":\"Grenier-isis.com - Pendule divinatoire r\u00e9alis\u00e9 \u00e0 la main - Spiritualit\u00e9, guidance, bien-\u00eatre\"},{\"@type\":\"BreadcrumbList\",\"@id\":\"https:\/\/grenier-isis.com\/?product=pendule-divinatoire-003#breadcrumb\",\"itemListElement\":[{\"@type\":\"ListItem\",\"position\":1,\"name\":\"Accueil\",\"item\":\"https:\/\/grenier-isis.com\/\"},{\"@type\":\"ListItem\",\"position\":2,\"name\":\"Boutique\",\"item\":\"https:\/\/grenier-isis.com\/?page_id=6\"},{\"@type\":\"ListItem\",\"position\":3,\"name\":\"Pendule APHRODITE\"}]},{\"@type\":\"WebSite\",\"@id\":\"https:\/\/grenier-isis.com\/#website\",\"url\":\"https:\/\/grenier-isis.com\/\",\"name\":\"Le Grenier d'Isis\",\"description\":\"Spiritualit\u00e9, Guidance et Bien-\u00eatre, Le Grenier d&#039;Isis cr\u00e9e des objets artisanaux en quantit\u00e9 limit\u00e9e.\",\"publisher\":{\"@id\":\"https:\/\/grenier-isis.com\/#organization\"},\"potentialAction\":[{\"@type\":\"SearchAction\",\"target\":{\"@type\":\"EntryPoint\",\"urlTemplate\":\"https:\/\/grenier-isis.com\/?s={search_term_string}\"},\"query-input\":\"required name=search_term_string\"}],\"inLanguage\":\"fr-FR\"},{\"@type\":\"Organization\",\"@id\":\"https:\/\/grenier-isis.com\/#organization\",\"name\":\"Le Grenier d'Isis\",\"url\":\"https:\/\/grenier-isis.com\/\",\"logo\":{\"@type\":\"ImageObject\",\"inLanguage\":\"fr-FR\",\"@id\":\"https:\/\/grenier-isis.com\/#\/schema\/logo\/image\/\",\"url\":\"https:\/\/grenier-isis.com\/wp-content\/uploads\/2024\/07\/FLYER-grenier-isis1.png\",\"contentUrl\":\"https:\/\/grenier-isis.com\/wp-content\/uploads\/2024\/07\/FLYER-grenier-isis1.png\",\"width\":428,\"height\":441,\"caption\":\"Le Grenier d'Isis\"},\"image\":{\"@id\":\"https:\/\/grenier-isis.com\/#\/schema\/logo\/image\/\"},\"sameAs\":[\"https:\/\/www.facebook.com\/people\/Le-grenier-dIsis\/61563455049460\/?mibextid=LQQJ4d&rdid=io61r7MEn4CStVMk&share_url=httpswww.facebook.comshareXayHLvUfMHxAu5pMmibextidLQQJ4d\",\"https:\/\/www.tiktok.com\/@le_grenier_disis\",\"https:\/\/www.instagram.com\/le_grenier_d_isis_?igsh=aDZlbjVrdnNsbTc3&utm_source=qr\",\"https:\/\/www.youtube.com\/@LeGrenierdIsis\"]}]}<\/script>\n<!-- \/ Yoast SEO plugin. -->","yoast_head_json":{"title":"Pendule divinatoire r\u00e9alis\u00e9 \u00e0 la mainPendule APHRODITE - Le Grenier d&#039;Isis","description":"Le Grenier d&#039;Isis - Pendule APHRODITE Pendule divinatoire r\u00e9alis\u00e9 \u00e0 la main. Le quartz rose est souvent appel\u00e9 \"pierre d'amour\".","robots":{"index":"index","follow":"follow","max-snippet":"max-snippet:-1","max-image-preview":"max-image-preview:large","max-video-preview":"max-video-preview:-1"},"canonical":"https:\/\/grenier-isis.com\/?product=pendule-divinatoire-003","og_locale":"fr_FR","og_type":"article","og_title":"Pendule divinatoire r\u00e9alis\u00e9 \u00e0 la mainPendule APHRODITE - Le Grenier d&#039;Isis","og_description":"Le Grenier d&#039;Isis - Pendule APHRODITE Pendule divinatoire r\u00e9alis\u00e9 \u00e0 la main. Le quartz rose est souvent appel\u00e9 \"pierre d'amour\".","og_url":"https:\/\/grenier-isis.com\/?product=pendule-divinatoire-003","og_site_name":"Le Grenier d&#039;Isis","article_publisher":"https:\/\/www.facebook.com\/people\/Le-grenier-dIsis\/61563455049460\/?mibextid=LQQJ4d&rdid=io61r7MEn4CStVMk&share_url=httpswww.facebook.comshareXayHLvUfMHxAu5pMmibextidLQQJ4d","article_modified_time":"2024-11-02T22:49:59+00:00","og_image":[{"width":750,"height":1042,"url":"https:\/\/grenier-isis.com\/wp-content\/uploads\/2024\/09\/pend3-a.jpg","type":"image\/jpeg"}],"twitter_card":"summary_large_image","twitter_misc":{"Dur\u00e9e de lecture estim\u00e9e":"1 minute"},"schema":{"@context":"https:\/\/schema.org","@graph":[{"@type":"WebPage","@id":"https:\/\/grenier-isis.com\/?product=pendule-divinatoire-003","url":"https:\/\/grenier-isis.com\/?product=pendule-divinatoire-003","name":"Pendule divinatoire r\u00e9alis\u00e9 \u00e0 la mainPendule APHRODITE - Le Grenier d&#039;Isis","isPartOf":{"@id":"https:\/\/grenier-isis.com\/#website"},"primaryImageOfPage":{"@id":"https:\/\/grenier-isis.com\/?product=pendule-divinatoire-003#primaryimage"},"image":{"@id":"https:\/\/grenier-isis.com\/?product=pendule-divinatoire-003#primaryimage"},"thumbnailUrl":"https:\/\/grenier-isis.com\/wp-content\/uploads\/2024\/09\/pend3-a.jpg","datePublished":"2024-09-05T09:51:48+00:00","dateModified":"2024-11-02T22:49:59+00:00","description":"Le Grenier d&#039;Isis - Pendule APHRODITE Pendule divinatoire r\u00e9alis\u00e9 \u00e0 la main. Le quartz rose est souvent appel\u00e9 \"pierre d'amour\".","breadcrumb":{"@id":"https:\/\/grenier-isis.com\/?product=pendule-divinatoire-003#breadcrumb"},"inLanguage":"fr-FR","potentialAction":[{"@type":"ReadAction","target":["https:\/\/grenier-isis.com\/?product=pendule-divinatoire-003"]}]},{"@type":"ImageObject","inLanguage":"fr-FR","@id":"https:\/\/grenier-isis.com\/?product=pendule-divinatoire-003#primaryimage","url":"https:\/\/grenier-isis.com\/wp-content\/uploads\/2024\/09\/pend3-a.jpg","contentUrl":"https:\/\/grenier-isis.com\/wp-content\/uploads\/2024\/09\/pend3-a.jpg","width":750,"height":1042,"caption":"Grenier-isis.com - Pendule divinatoire r\u00e9alis\u00e9 \u00e0 la main - Spiritualit\u00e9, guidance, bien-\u00eatre"},{"@type":"BreadcrumbList","@id":"https:\/\/grenier-isis.com\/?product=pendule-divinatoire-003#breadcrumb","itemListElement":[{"@type":"ListItem","position":1,"name":"Accueil","item":"https:\/\/grenier-isis.com\/"},{"@type":"ListItem","position":2,"name":"Boutique","item":"https:\/\/grenier-isis.com\/?page_id=6"},{"@type":"ListItem","position":3,"name":"Pendule APHRODITE"}]},{"@type":"WebSite","@id":"https:\/\/grenier-isis.com\/#website","url":"https:\/\/grenier-isis.com\/","name":"Le Grenier d'Isis","description":"Spiritualit\u00e9, Guidance et Bien-\u00eatre, Le Grenier d&#039;Isis cr\u00e9e des objets artisanaux en quantit\u00e9 limit\u00e9e.","publisher":{"@id":"https:\/\/grenier-isis.com\/#organization"},"potentialAction":[{"@type":"SearchAction","target":{"@type":"EntryPoint","urlTemplate":"https:\/\/grenier-isis.com\/?s={search_term_string}"},"query-input":"required name=search_term_string"}],"inLanguage":"fr-FR"},{"@type":"Organization","@id":"https:\/\/grenier-isis.com\/#organization","name":"Le Grenier d'Isis","url":"https:\/\/grenier-isis.com\/","logo":{"@type":"ImageObject","inLanguage":"fr-FR","@id":"https:\/\/grenier-isis.com\/#\/schema\/logo\/image\/","url":"https:\/\/grenier-isis.com\/wp-content\/uploads\/2024\/07\/FLYER-grenier-isis1.png","contentUrl":"https:\/\/grenier-isis.com\/wp-content\/uploads\/2024\/07\/FLYER-grenier-isis1.png","width":428,"height":441,"caption":"Le Grenier d'Isis"},"image":{"@id":"https:\/\/grenier-isis.com\/#\/schema\/logo\/image\/"},"sameAs":["https:\/\/www.facebook.com\/people\/Le-grenier-dIsis\/61563455049460\/?mibextid=LQQJ4d&rdid=io61r7MEn4CStVMk&share_url=httpswww.facebook.comshareXayHLvUfMHxAu5pMmibextidLQQJ4d","https:\/\/www.tiktok.com\/@le_grenier_disis","https:\/\/www.instagram.com\/le_grenier_d_isis_?igsh=aDZlbjVrdnNsbTc3&utm_source=qr","https:\/\/www.youtube.com\/@LeGrenierdIsis"]}]}},"_links":{"self":[{"href":"https:\/\/grenier-isis.com\/index.php?rest_route=\/wp\/v2\/product\/548"}],"collection":[{"href":"https:\/\/grenier-isis.com\/index.php?rest_route=\/wp\/v2\/product"}],"about":[{"href":"https:\/\/grenier-isis.com\/index.php?rest_route=\/wp\/v2\/types\/product"}],"replies":[{"embeddable":true,"href":"https:\/\/grenier-isis.com\/index.php?rest_route=%2Fwp%2Fv2%2Fcomments&post=548"}],"wp:featuredmedia":[{"embeddable":true,"href":"https:\/\/grenier-isis.com\/index.php?rest_route=\/wp\/v2\/media\/537"}],"wp:attachment":[{"href":"https:\/\/grenier-isis.com\/index.php?rest_route=%2Fwp%2Fv2%2Fmedia&parent=548"}],"wp:term":[{"taxonomy":"product_cat","embeddable":true,"href":"https:\/\/grenier-isis.com\/index.php?rest_route=%2Fwp%2Fv2%2Fproduct_cat&post=548"},{"taxonomy":"product_tag","embeddable":true,"href":"https:\/\/grenier-isis.com\/index.php?rest_route=%2Fwp%2Fv2%2Fproduct_tag&post=548"}],"curies":[{"name":"wp","href":"https:\/\/api.w.org\/{rel}","templated":true}]}}