{"id":2390,"date":"2025-03-26T13:52:54","date_gmt":"2025-03-26T13:52:54","guid":{"rendered":"https:\/\/grenier-isis.com\/?post_type=product&#038;p=2390"},"modified":"2025-12-29T16:28:19","modified_gmt":"2025-12-29T16:28:19","slug":"arbre-de-vie-celestia-copie-2","status":"publish","type":"product","link":"https:\/\/grenier-isis.com\/?product=arbre-de-vie-celestia-copie-2","title":{"rendered":"Arbre de Vie AM&Eacute;STYA"},"content":{"rendered":"<p><strong>Arbre de vie\u00a0<\/strong> Finement orn\u00e9 de pierres naturelles en <strong>am\u00e9thyste<\/strong> qui saura s&#8217;int\u00e9grer avec harmonie dans un int\u00e9rieur gr\u00e2ce \u00e0 son design \u00e9quilibr\u00e9 et sa mise en beaut\u00e9 sous une cloche. Cet arbre\u00a0 est le symbole de la vie, du lien entre la terre et l&#8217;infini c\u00e9leste.<\/p>\n<p><span id=\"wpaicg-chat-message-97896\" class=\"wpaicg-chat-message\"><span class=\"NA6bn UiGGAb ILfuVd\" lang=\"fr\"><span class=\"hgKElc\">En lithoth\u00e9rapie, elle est consid\u00e9r\u00e9e comme la <b>pierre de l&#8217;humilit\u00e9, de la s\u00e9r\u00e9nit\u00e9 et de la sagesse<\/b>. Elle stimulerait la cr\u00e9ativit\u00e9, l&#8217;imagination et la clart\u00e9, en favorisant la relaxation, la concentration et la m\u00e9ditation.<\/span><\/span><\/span><\/p>\n<p>&nbsp;<\/p>\n<p><strong>Dimensions<\/strong> :<br \/>\nArbre seul :<br \/>\n11 cm de hauteur<\/p>\n<p>Cloche + socle :<br \/>\n17 cm en hauteur<br \/>\n36 cm de circonf\u00e9rence<\/p>\n<p><strong>Caract\u00e9ristiques<\/strong> :<br \/>\nArbre en fil de cuivre fin<br \/>\nPierres : am\u00e9thyste<br \/>\nSocle en bois naturel<br \/>\nCloche en verre<\/p>\n<p>&nbsp;<\/p>\n","protected":false},"excerpt":{"rendered":"<p><strong>Arbre de vie am\u00e9thyste.<\/strong><\/p>\n","protected":false},"featured_media":2387,"comment_status":"open","ping_status":"closed","template":"","meta":{"ocean_post_layout":"","ocean_both_sidebars_style":"","ocean_both_sidebars_content_width":0,"ocean_both_sidebars_sidebars_width":0,"ocean_sidebar":"0","ocean_second_sidebar":"0","ocean_disable_margins":"enable","ocean_add_body_class":"","ocean_shortcode_before_top_bar":"","ocean_shortcode_after_top_bar":"","ocean_shortcode_before_header":"","ocean_shortcode_after_header":"","ocean_has_shortcode":"","ocean_shortcode_after_title":"","ocean_shortcode_before_footer_widgets":"","ocean_shortcode_after_footer_widgets":"","ocean_shortcode_before_footer_bottom":"","ocean_shortcode_after_footer_bottom":"","ocean_display_top_bar":"default","ocean_display_header":"default","ocean_header_style":"","ocean_center_header_left_menu":"0","ocean_custom_header_template":"0","ocean_custom_logo":0,"ocean_custom_retina_logo":0,"ocean_custom_logo_max_width":0,"ocean_custom_logo_tablet_max_width":0,"ocean_custom_logo_mobile_max_width":0,"ocean_custom_logo_max_height":0,"ocean_custom_logo_tablet_max_height":0,"ocean_custom_logo_mobile_max_height":0,"ocean_header_custom_menu":"0","ocean_menu_typo_font_family":"0","ocean_menu_typo_font_subset":"","ocean_menu_typo_font_size":0,"ocean_menu_typo_font_size_tablet":0,"ocean_menu_typo_font_size_mobile":0,"ocean_menu_typo_font_size_unit":"px","ocean_menu_typo_font_weight":"","ocean_menu_typo_font_weight_tablet":"","ocean_menu_typo_font_weight_mobile":"","ocean_menu_typo_transform":"","ocean_menu_typo_transform_tablet":"","ocean_menu_typo_transform_mobile":"","ocean_menu_typo_line_height":0,"ocean_menu_typo_line_height_tablet":0,"ocean_menu_typo_line_height_mobile":0,"ocean_menu_typo_line_height_unit":"","ocean_menu_typo_spacing":0,"ocean_menu_typo_spacing_tablet":0,"ocean_menu_typo_spacing_mobile":0,"ocean_menu_typo_spacing_unit":"","ocean_menu_link_color":"","ocean_menu_link_color_hover":"","ocean_menu_link_color_active":"","ocean_menu_link_background":"","ocean_menu_link_hover_background":"","ocean_menu_link_active_background":"","ocean_menu_social_links_bg":"","ocean_menu_social_hover_links_bg":"","ocean_menu_social_links_color":"","ocean_menu_social_hover_links_color":"","ocean_disable_title":"default","ocean_disable_heading":"default","ocean_post_title":"","ocean_post_subheading":"","ocean_post_title_style":"","ocean_post_title_background_color":"","ocean_post_title_background":0,"ocean_post_title_bg_image_position":"","ocean_post_title_bg_image_attachment":"","ocean_post_title_bg_image_repeat":"","ocean_post_title_bg_image_size":"","ocean_post_title_height":0,"ocean_post_title_bg_overlay":0.5,"ocean_post_title_bg_overlay_color":"","ocean_disable_breadcrumbs":"default","ocean_breadcrumbs_color":"","ocean_breadcrumbs_separator_color":"","ocean_breadcrumbs_links_color":"","ocean_breadcrumbs_links_hover_color":"","ocean_display_footer_widgets":"default","ocean_display_footer_bottom":"default","ocean_custom_footer_template":"0"},"product_cat":[46,37],"product_tag":[],"yoast_head":"<!-- This site is optimized with the Yoast SEO plugin v23.0 - https:\/\/yoast.com\/wordpress\/plugins\/seo\/ -->\n<title>Arbre de Vie AM&Eacute;STYA - Le Grenier d&#039;Isis arbre de vie - sept chakras -<\/title>\n<meta name=\"description\" content=\"Le Grenier d&#039;Isis - Arbre de Vie AM&Eacute;STYA - Arbre de vie - arbre du bonheur - fait main, personnalis\u00e9 - exemplaire unique\" \/>\n<meta name=\"robots\" content=\"index, follow, max-snippet:-1, max-image-preview:large, max-video-preview:-1\" \/>\n<link rel=\"canonical\" href=\"https:\/\/grenier-isis.com\/?product=arbre-de-vie-celestia-copie-2\" \/>\n<meta property=\"og:locale\" content=\"fr_FR\" \/>\n<meta property=\"og:type\" content=\"article\" \/>\n<meta property=\"og:title\" content=\"Arbre de Vie AM&Eacute;STYA - Le Grenier d&#039;Isis arbre de vie - sept chakras -\" \/>\n<meta property=\"og:description\" content=\"Le Grenier d&#039;Isis - Arbre de Vie AM&Eacute;STYA - Arbre de vie - arbre du bonheur - fait main, personnalis\u00e9 - exemplaire unique\" \/>\n<meta property=\"og:url\" content=\"https:\/\/grenier-isis.com\/?product=arbre-de-vie-celestia-copie-2\" \/>\n<meta property=\"og:site_name\" content=\"Le Grenier d&#039;Isis\" \/>\n<meta property=\"article:publisher\" content=\"https:\/\/www.facebook.com\/people\/Le-grenier-dIsis\/61563455049460\/?mibextid=LQQJ4d&amp;rdid=io61r7MEn4CStVMk&amp;share_url=httpswww.facebook.comshareXayHLvUfMHxAu5pMmibextidLQQJ4d\" \/>\n<meta property=\"article:modified_time\" content=\"2025-12-29T16:28:19+00:00\" \/>\n<meta property=\"og:image\" content=\"https:\/\/grenier-isis.com\/wp-content\/uploads\/2025\/03\/arbre3a.jpg\" \/>\n\t<meta property=\"og:image:width\" content=\"644\" \/>\n\t<meta property=\"og:image:height\" content=\"900\" \/>\n\t<meta property=\"og:image:type\" content=\"image\/jpeg\" \/>\n<meta name=\"twitter:card\" content=\"summary_large_image\" \/>\n<meta name=\"twitter:label1\" content=\"Dur\u00e9e de lecture estim\u00e9e\" \/>\n\t<meta name=\"twitter:data1\" content=\"1 minute\" \/>\n<script type=\"application\/ld+json\" class=\"yoast-schema-graph\">{\"@context\":\"https:\/\/schema.org\",\"@graph\":[{\"@type\":\"WebPage\",\"@id\":\"https:\/\/grenier-isis.com\/?product=arbre-de-vie-celestia-copie-2\",\"url\":\"https:\/\/grenier-isis.com\/?product=arbre-de-vie-celestia-copie-2\",\"name\":\"Arbre de Vie AM&Eacute;STYA - Le Grenier d&#039;Isis arbre de vie - sept chakras -\",\"isPartOf\":{\"@id\":\"https:\/\/grenier-isis.com\/#website\"},\"primaryImageOfPage\":{\"@id\":\"https:\/\/grenier-isis.com\/?product=arbre-de-vie-celestia-copie-2#primaryimage\"},\"image\":{\"@id\":\"https:\/\/grenier-isis.com\/?product=arbre-de-vie-celestia-copie-2#primaryimage\"},\"thumbnailUrl\":\"https:\/\/grenier-isis.com\/wp-content\/uploads\/2025\/03\/arbre3a.jpg\",\"datePublished\":\"2025-03-26T13:52:54+00:00\",\"dateModified\":\"2025-12-29T16:28:19+00:00\",\"description\":\"Le Grenier d&#039;Isis - Arbre de Vie AM&Eacute;STYA - Arbre de vie - arbre du bonheur - fait main, personnalis\u00e9 - exemplaire unique\",\"breadcrumb\":{\"@id\":\"https:\/\/grenier-isis.com\/?product=arbre-de-vie-celestia-copie-2#breadcrumb\"},\"inLanguage\":\"fr-FR\",\"potentialAction\":[{\"@type\":\"ReadAction\",\"target\":[\"https:\/\/grenier-isis.com\/?product=arbre-de-vie-celestia-copie-2\"]}]},{\"@type\":\"ImageObject\",\"inLanguage\":\"fr-FR\",\"@id\":\"https:\/\/grenier-isis.com\/?product=arbre-de-vie-celestia-copie-2#primaryimage\",\"url\":\"https:\/\/grenier-isis.com\/wp-content\/uploads\/2025\/03\/arbre3a.jpg\",\"contentUrl\":\"https:\/\/grenier-isis.com\/wp-content\/uploads\/2025\/03\/arbre3a.jpg\",\"width\":644,\"height\":900,\"caption\":\"Grenier-isis.com - Arbre de vie porte-bonheur fait \u00e0 la main - spiritualit\u00e9\"},{\"@type\":\"BreadcrumbList\",\"@id\":\"https:\/\/grenier-isis.com\/?product=arbre-de-vie-celestia-copie-2#breadcrumb\",\"itemListElement\":[{\"@type\":\"ListItem\",\"position\":1,\"name\":\"Accueil\",\"item\":\"https:\/\/grenier-isis.com\/\"},{\"@type\":\"ListItem\",\"position\":2,\"name\":\"Boutique\",\"item\":\"https:\/\/grenier-isis.com\/?page_id=6\"},{\"@type\":\"ListItem\",\"position\":3,\"name\":\"Arbre de Vie AM&Eacute;STYA\"}]},{\"@type\":\"WebSite\",\"@id\":\"https:\/\/grenier-isis.com\/#website\",\"url\":\"https:\/\/grenier-isis.com\/\",\"name\":\"Le Grenier d'Isis\",\"description\":\"Spiritualit\u00e9, Guidance et Bien-\u00eatre, Le Grenier d&#039;Isis cr\u00e9e des objets artisanaux en quantit\u00e9 limit\u00e9e.\",\"publisher\":{\"@id\":\"https:\/\/grenier-isis.com\/#organization\"},\"potentialAction\":[{\"@type\":\"SearchAction\",\"target\":{\"@type\":\"EntryPoint\",\"urlTemplate\":\"https:\/\/grenier-isis.com\/?s={search_term_string}\"},\"query-input\":\"required name=search_term_string\"}],\"inLanguage\":\"fr-FR\"},{\"@type\":\"Organization\",\"@id\":\"https:\/\/grenier-isis.com\/#organization\",\"name\":\"Le Grenier d'Isis\",\"url\":\"https:\/\/grenier-isis.com\/\",\"logo\":{\"@type\":\"ImageObject\",\"inLanguage\":\"fr-FR\",\"@id\":\"https:\/\/grenier-isis.com\/#\/schema\/logo\/image\/\",\"url\":\"https:\/\/grenier-isis.com\/wp-content\/uploads\/2024\/07\/FLYER-grenier-isis1.png\",\"contentUrl\":\"https:\/\/grenier-isis.com\/wp-content\/uploads\/2024\/07\/FLYER-grenier-isis1.png\",\"width\":428,\"height\":441,\"caption\":\"Le Grenier d'Isis\"},\"image\":{\"@id\":\"https:\/\/grenier-isis.com\/#\/schema\/logo\/image\/\"},\"sameAs\":[\"https:\/\/www.facebook.com\/people\/Le-grenier-dIsis\/61563455049460\/?mibextid=LQQJ4d&rdid=io61r7MEn4CStVMk&share_url=httpswww.facebook.comshareXayHLvUfMHxAu5pMmibextidLQQJ4d\",\"https:\/\/www.tiktok.com\/@le_grenier_disis\",\"https:\/\/www.instagram.com\/le_grenier_d_isis_?igsh=aDZlbjVrdnNsbTc3&utm_source=qr\",\"https:\/\/www.youtube.com\/@LeGrenierdIsis\"]}]}<\/script>\n<!-- \/ Yoast SEO plugin. -->","yoast_head_json":{"title":"Arbre de Vie AM&Eacute;STYA - Le Grenier d&#039;Isis arbre de vie - sept chakras -","description":"Le Grenier d&#039;Isis - Arbre de Vie AM&Eacute;STYA - Arbre de vie - arbre du bonheur - fait main, personnalis\u00e9 - exemplaire unique","robots":{"index":"index","follow":"follow","max-snippet":"max-snippet:-1","max-image-preview":"max-image-preview:large","max-video-preview":"max-video-preview:-1"},"canonical":"https:\/\/grenier-isis.com\/?product=arbre-de-vie-celestia-copie-2","og_locale":"fr_FR","og_type":"article","og_title":"Arbre de Vie AM&Eacute;STYA - Le Grenier d&#039;Isis arbre de vie - sept chakras -","og_description":"Le Grenier d&#039;Isis - Arbre de Vie AM&Eacute;STYA - Arbre de vie - arbre du bonheur - fait main, personnalis\u00e9 - exemplaire unique","og_url":"https:\/\/grenier-isis.com\/?product=arbre-de-vie-celestia-copie-2","og_site_name":"Le Grenier d&#039;Isis","article_publisher":"https:\/\/www.facebook.com\/people\/Le-grenier-dIsis\/61563455049460\/?mibextid=LQQJ4d&rdid=io61r7MEn4CStVMk&share_url=httpswww.facebook.comshareXayHLvUfMHxAu5pMmibextidLQQJ4d","article_modified_time":"2025-12-29T16:28:19+00:00","og_image":[{"width":644,"height":900,"url":"https:\/\/grenier-isis.com\/wp-content\/uploads\/2025\/03\/arbre3a.jpg","type":"image\/jpeg"}],"twitter_card":"summary_large_image","twitter_misc":{"Dur\u00e9e de lecture estim\u00e9e":"1 minute"},"schema":{"@context":"https:\/\/schema.org","@graph":[{"@type":"WebPage","@id":"https:\/\/grenier-isis.com\/?product=arbre-de-vie-celestia-copie-2","url":"https:\/\/grenier-isis.com\/?product=arbre-de-vie-celestia-copie-2","name":"Arbre de Vie AM&Eacute;STYA - Le Grenier d&#039;Isis arbre de vie - sept chakras -","isPartOf":{"@id":"https:\/\/grenier-isis.com\/#website"},"primaryImageOfPage":{"@id":"https:\/\/grenier-isis.com\/?product=arbre-de-vie-celestia-copie-2#primaryimage"},"image":{"@id":"https:\/\/grenier-isis.com\/?product=arbre-de-vie-celestia-copie-2#primaryimage"},"thumbnailUrl":"https:\/\/grenier-isis.com\/wp-content\/uploads\/2025\/03\/arbre3a.jpg","datePublished":"2025-03-26T13:52:54+00:00","dateModified":"2025-12-29T16:28:19+00:00","description":"Le Grenier d&#039;Isis - Arbre de Vie AM&Eacute;STYA - Arbre de vie - arbre du bonheur - fait main, personnalis\u00e9 - exemplaire unique","breadcrumb":{"@id":"https:\/\/grenier-isis.com\/?product=arbre-de-vie-celestia-copie-2#breadcrumb"},"inLanguage":"fr-FR","potentialAction":[{"@type":"ReadAction","target":["https:\/\/grenier-isis.com\/?product=arbre-de-vie-celestia-copie-2"]}]},{"@type":"ImageObject","inLanguage":"fr-FR","@id":"https:\/\/grenier-isis.com\/?product=arbre-de-vie-celestia-copie-2#primaryimage","url":"https:\/\/grenier-isis.com\/wp-content\/uploads\/2025\/03\/arbre3a.jpg","contentUrl":"https:\/\/grenier-isis.com\/wp-content\/uploads\/2025\/03\/arbre3a.jpg","width":644,"height":900,"caption":"Grenier-isis.com - Arbre de vie porte-bonheur fait \u00e0 la main - spiritualit\u00e9"},{"@type":"BreadcrumbList","@id":"https:\/\/grenier-isis.com\/?product=arbre-de-vie-celestia-copie-2#breadcrumb","itemListElement":[{"@type":"ListItem","position":1,"name":"Accueil","item":"https:\/\/grenier-isis.com\/"},{"@type":"ListItem","position":2,"name":"Boutique","item":"https:\/\/grenier-isis.com\/?page_id=6"},{"@type":"ListItem","position":3,"name":"Arbre de Vie AM&Eacute;STYA"}]},{"@type":"WebSite","@id":"https:\/\/grenier-isis.com\/#website","url":"https:\/\/grenier-isis.com\/","name":"Le Grenier d'Isis","description":"Spiritualit\u00e9, Guidance et Bien-\u00eatre, Le Grenier d&#039;Isis cr\u00e9e des objets artisanaux en quantit\u00e9 limit\u00e9e.","publisher":{"@id":"https:\/\/grenier-isis.com\/#organization"},"potentialAction":[{"@type":"SearchAction","target":{"@type":"EntryPoint","urlTemplate":"https:\/\/grenier-isis.com\/?s={search_term_string}"},"query-input":"required name=search_term_string"}],"inLanguage":"fr-FR"},{"@type":"Organization","@id":"https:\/\/grenier-isis.com\/#organization","name":"Le Grenier d'Isis","url":"https:\/\/grenier-isis.com\/","logo":{"@type":"ImageObject","inLanguage":"fr-FR","@id":"https:\/\/grenier-isis.com\/#\/schema\/logo\/image\/","url":"https:\/\/grenier-isis.com\/wp-content\/uploads\/2024\/07\/FLYER-grenier-isis1.png","contentUrl":"https:\/\/grenier-isis.com\/wp-content\/uploads\/2024\/07\/FLYER-grenier-isis1.png","width":428,"height":441,"caption":"Le Grenier d'Isis"},"image":{"@id":"https:\/\/grenier-isis.com\/#\/schema\/logo\/image\/"},"sameAs":["https:\/\/www.facebook.com\/people\/Le-grenier-dIsis\/61563455049460\/?mibextid=LQQJ4d&rdid=io61r7MEn4CStVMk&share_url=httpswww.facebook.comshareXayHLvUfMHxAu5pMmibextidLQQJ4d","https:\/\/www.tiktok.com\/@le_grenier_disis","https:\/\/www.instagram.com\/le_grenier_d_isis_?igsh=aDZlbjVrdnNsbTc3&utm_source=qr","https:\/\/www.youtube.com\/@LeGrenierdIsis"]}]}},"_links":{"self":[{"href":"https:\/\/grenier-isis.com\/index.php?rest_route=\/wp\/v2\/product\/2390"}],"collection":[{"href":"https:\/\/grenier-isis.com\/index.php?rest_route=\/wp\/v2\/product"}],"about":[{"href":"https:\/\/grenier-isis.com\/index.php?rest_route=\/wp\/v2\/types\/product"}],"replies":[{"embeddable":true,"href":"https:\/\/grenier-isis.com\/index.php?rest_route=%2Fwp%2Fv2%2Fcomments&post=2390"}],"wp:featuredmedia":[{"embeddable":true,"href":"https:\/\/grenier-isis.com\/index.php?rest_route=\/wp\/v2\/media\/2387"}],"wp:attachment":[{"href":"https:\/\/grenier-isis.com\/index.php?rest_route=%2Fwp%2Fv2%2Fmedia&parent=2390"}],"wp:term":[{"taxonomy":"product_cat","embeddable":true,"href":"https:\/\/grenier-isis.com\/index.php?rest_route=%2Fwp%2Fv2%2Fproduct_cat&post=2390"},{"taxonomy":"product_tag","embeddable":true,"href":"https:\/\/grenier-isis.com\/index.php?rest_route=%2Fwp%2Fv2%2Fproduct_tag&post=2390"}],"curies":[{"name":"wp","href":"https:\/\/api.w.org\/{rel}","templated":true}]}}