{"id":1771,"date":"2024-10-23T14:42:17","date_gmt":"2024-10-23T14:42:17","guid":{"rendered":"https:\/\/grenier-isis.com\/?post_type=product&#038;p=1771"},"modified":"2024-11-03T18:36:09","modified_gmt":"2024-11-03T18:36:09","slug":"bracelet-hindi-taille-m","status":"publish","type":"product","link":"https:\/\/grenier-isis.com\/?product=bracelet-hindi-taille-m","title":{"rendered":"Bracelet HINDI (taille M)"},"content":{"rendered":"<p><strong><a href=\"https:\/\/grenier-isis.com\/?product_cat=bracelets-protection\">Bracelet de protection<\/a>\u00a0 | <a href=\"https:\/\/grenier-isis.com\/?post_type=product\">Boutique<\/a> | <\/strong><a href=\"https:\/\/grenier-isis.com\/\"><strong>Accueil<\/strong><\/a><\/p>\n<p><strong>Bracelet en perles d&#8217;agate indienne.<\/strong><\/p>\n<div class=\"wDYxhc\" lang=\"fr-FR\" data-md=\"61\">\n<div class=\"LGOjhe\" data-attrid=\"wa:\/description\" data-hveid=\"CCEQAA\"><span class=\"BxUVEf ILfuVd\" lang=\"fr\"><span class=\"hgKElc\">L&#8217;agate indienne est une vari\u00e9t\u00e9 de <strong><span tabindex=\"0\" role=\"tooltip\"><span class=\"c5aZPb\" tabindex=\"0\" role=\"button\" data-enable-toggle-animation=\"true\" data-extra-container-classes=\"ZLo7Eb\" data-hover-hide-delay=\"1000\" data-hover-open-delay=\"500\" data-send-open-event=\"true\" data-theme=\"0\" data-width=\"250\" data-ved=\"2ahUKEwi9rsGm16SJAxX_U6QEHWq3MUAQmpgGegQIIRAD\"><span class=\"JPfdse\" data-bubble-link=\"\" data-segment-text=\"calc\u00e9doine\">calc\u00e9doine<\/span><\/span><\/span> de la famille Quartz<\/strong> qui se d\u00e9cline dans une vari\u00e9t\u00e9 de couleurs (vertes, beiges, bleus, grises, avec des nuances subtiles de rouge ou de rose).<br \/>\nElle <b>permet \u00e0 ceux qui souffrent d&#8217;amertume, de ranc\u0153ur, de pouvoir pardonner, et m\u00eame stopper la col\u00e8re int\u00e9rieure<\/b>. Cette pierre procure la confiance en soi \u00e0 son porteur, apaise ses angoisses et lui donne la paix. Elle est une pierre de s\u00e9curit\u00e9 et de s\u00e9r\u00e9nit\u00e9. Elle dissipe les peurs et la n\u00e9gativit\u00e9 environnante.<br \/>\n<\/span><\/span><\/div>\n<div class=\"LGOjhe\" data-attrid=\"wa:\/description\" data-hveid=\"CCEQAA\"><span class=\"BxUVEf ILfuVd\" lang=\"fr\"><span class=\"hgKElc\">L&#8217;agate est excellente pour \u00e9quilibrer l&#8217;<strong>\u00e9nergie \u00e9motionnelle, physique et intellectuelle.<\/strong><\/span><\/span><\/div>\n<div data-attrid=\"wa:\/description\" data-hveid=\"CCEQAA\"><\/div>\n<\/div>\n<p>Diam\u00e8tre bracelet L (grand) \/ 20-21-cm<br \/>\nDiam\u00e8tre perle : 8 mm.<\/p>\n","protected":false},"excerpt":{"rendered":"<p><strong>Bracelet en perles d&#8217;agate indienne.<\/strong><\/p>\n","protected":false},"featured_media":1772,"comment_status":"open","ping_status":"closed","template":"","meta":{"ocean_post_layout":"","ocean_both_sidebars_style":"","ocean_both_sidebars_content_width":0,"ocean_both_sidebars_sidebars_width":0,"ocean_sidebar":"0","ocean_second_sidebar":"0","ocean_disable_margins":"enable","ocean_add_body_class":"","ocean_shortcode_before_top_bar":"","ocean_shortcode_after_top_bar":"","ocean_shortcode_before_header":"","ocean_shortcode_after_header":"","ocean_has_shortcode":"","ocean_shortcode_after_title":"","ocean_shortcode_before_footer_widgets":"","ocean_shortcode_after_footer_widgets":"","ocean_shortcode_before_footer_bottom":"","ocean_shortcode_after_footer_bottom":"","ocean_display_top_bar":"default","ocean_display_header":"default","ocean_header_style":"","ocean_center_header_left_menu":"0","ocean_custom_header_template":"0","ocean_custom_logo":0,"ocean_custom_retina_logo":0,"ocean_custom_logo_max_width":0,"ocean_custom_logo_tablet_max_width":0,"ocean_custom_logo_mobile_max_width":0,"ocean_custom_logo_max_height":0,"ocean_custom_logo_tablet_max_height":0,"ocean_custom_logo_mobile_max_height":0,"ocean_header_custom_menu":"0","ocean_menu_typo_font_family":"0","ocean_menu_typo_font_subset":"","ocean_menu_typo_font_size":0,"ocean_menu_typo_font_size_tablet":0,"ocean_menu_typo_font_size_mobile":0,"ocean_menu_typo_font_size_unit":"px","ocean_menu_typo_font_weight":"","ocean_menu_typo_font_weight_tablet":"","ocean_menu_typo_font_weight_mobile":"","ocean_menu_typo_transform":"","ocean_menu_typo_transform_tablet":"","ocean_menu_typo_transform_mobile":"","ocean_menu_typo_line_height":0,"ocean_menu_typo_line_height_tablet":0,"ocean_menu_typo_line_height_mobile":0,"ocean_menu_typo_line_height_unit":"","ocean_menu_typo_spacing":0,"ocean_menu_typo_spacing_tablet":0,"ocean_menu_typo_spacing_mobile":0,"ocean_menu_typo_spacing_unit":"","ocean_menu_link_color":"","ocean_menu_link_color_hover":"","ocean_menu_link_color_active":"","ocean_menu_link_background":"","ocean_menu_link_hover_background":"","ocean_menu_link_active_background":"","ocean_menu_social_links_bg":"","ocean_menu_social_hover_links_bg":"","ocean_menu_social_links_color":"","ocean_menu_social_hover_links_color":"","ocean_disable_title":"default","ocean_disable_heading":"default","ocean_post_title":"","ocean_post_subheading":"","ocean_post_title_style":"","ocean_post_title_background_color":"","ocean_post_title_background":0,"ocean_post_title_bg_image_position":"","ocean_post_title_bg_image_attachment":"","ocean_post_title_bg_image_repeat":"","ocean_post_title_bg_image_size":"","ocean_post_title_height":0,"ocean_post_title_bg_overlay":0.5,"ocean_post_title_bg_overlay_color":"","ocean_disable_breadcrumbs":"default","ocean_breadcrumbs_color":"","ocean_breadcrumbs_separator_color":"","ocean_breadcrumbs_links_color":"","ocean_breadcrumbs_links_hover_color":"","ocean_display_footer_widgets":"default","ocean_display_footer_bottom":"default","ocean_custom_footer_template":"0"},"product_cat":[34],"product_tag":[],"yoast_head":"<!-- This site is optimized with the Yoast SEO plugin v23.0 - https:\/\/yoast.com\/wordpress\/plugins\/seo\/ -->\n<title>pierres aux vertus protectricesBracelet HINDI (taille M) - Le Grenier d&#039;Isis %<\/title>\n<meta name=\"description\" content=\"Le Grenier d&#039;Isis - Bracelet HINDI (taille M) Bracelet en perles d&#039;agate indienne qui procure la confiance en soi . Pierres aux vertus protectrices\" \/>\n<meta name=\"robots\" content=\"index, follow, max-snippet:-1, max-image-preview:large, max-video-preview:-1\" \/>\n<link rel=\"canonical\" href=\"https:\/\/grenier-isis.com\/?product=bracelet-hindi-taille-m\" \/>\n<meta property=\"og:locale\" content=\"fr_FR\" \/>\n<meta property=\"og:type\" content=\"article\" \/>\n<meta property=\"og:title\" content=\"pierres aux vertus protectricesBracelet HINDI (taille M) - Le Grenier d&#039;Isis %\" \/>\n<meta property=\"og:description\" content=\"Le Grenier d&#039;Isis - Bracelet HINDI (taille M) Bracelet en perles d&#039;agate indienne qui procure la confiance en soi . Pierres aux vertus protectrices\" \/>\n<meta property=\"og:url\" content=\"https:\/\/grenier-isis.com\/?product=bracelet-hindi-taille-m\" \/>\n<meta property=\"og:site_name\" content=\"Le Grenier d&#039;Isis\" \/>\n<meta property=\"article:publisher\" content=\"https:\/\/www.facebook.com\/people\/Le-grenier-dIsis\/61563455049460\/?mibextid=LQQJ4d&amp;rdid=io61r7MEn4CStVMk&amp;share_url=httpswww.facebook.comshareXayHLvUfMHxAu5pMmibextidLQQJ4d\" \/>\n<meta property=\"article:modified_time\" content=\"2024-11-03T18:36:09+00:00\" \/>\n<meta property=\"og:image\" content=\"https:\/\/grenier-isis.com\/wp-content\/uploads\/2024\/10\/hindi.jpg\" \/>\n\t<meta property=\"og:image:width\" content=\"697\" \/>\n\t<meta property=\"og:image:height\" content=\"645\" \/>\n\t<meta property=\"og:image:type\" content=\"image\/jpeg\" \/>\n<meta name=\"twitter:card\" content=\"summary_large_image\" \/>\n<meta name=\"twitter:label1\" content=\"Dur\u00e9e de lecture estim\u00e9e\" \/>\n\t<meta name=\"twitter:data1\" content=\"1 minute\" \/>\n<script type=\"application\/ld+json\" class=\"yoast-schema-graph\">{\"@context\":\"https:\/\/schema.org\",\"@graph\":[{\"@type\":\"WebPage\",\"@id\":\"https:\/\/grenier-isis.com\/?product=bracelet-hindi-taille-m\",\"url\":\"https:\/\/grenier-isis.com\/?product=bracelet-hindi-taille-m\",\"name\":\"pierres aux vertus protectricesBracelet HINDI (taille M) - Le Grenier d&#039;Isis %\",\"isPartOf\":{\"@id\":\"https:\/\/grenier-isis.com\/#website\"},\"primaryImageOfPage\":{\"@id\":\"https:\/\/grenier-isis.com\/?product=bracelet-hindi-taille-m#primaryimage\"},\"image\":{\"@id\":\"https:\/\/grenier-isis.com\/?product=bracelet-hindi-taille-m#primaryimage\"},\"thumbnailUrl\":\"https:\/\/grenier-isis.com\/wp-content\/uploads\/2024\/10\/hindi.jpg\",\"datePublished\":\"2024-10-23T14:42:17+00:00\",\"dateModified\":\"2024-11-03T18:36:09+00:00\",\"description\":\"Le Grenier d&#039;Isis - Bracelet HINDI (taille M) Bracelet en perles d'agate indienne qui procure la confiance en soi . Pierres aux vertus protectrices\",\"breadcrumb\":{\"@id\":\"https:\/\/grenier-isis.com\/?product=bracelet-hindi-taille-m#breadcrumb\"},\"inLanguage\":\"fr-FR\",\"potentialAction\":[{\"@type\":\"ReadAction\",\"target\":[\"https:\/\/grenier-isis.com\/?product=bracelet-hindi-taille-m\"]}]},{\"@type\":\"ImageObject\",\"inLanguage\":\"fr-FR\",\"@id\":\"https:\/\/grenier-isis.com\/?product=bracelet-hindi-taille-m#primaryimage\",\"url\":\"https:\/\/grenier-isis.com\/wp-content\/uploads\/2024\/10\/hindi.jpg\",\"contentUrl\":\"https:\/\/grenier-isis.com\/wp-content\/uploads\/2024\/10\/hindi.jpg\",\"width\":697,\"height\":645,\"caption\":\"Grenier-isis.com - Bracelet de protection en agate indienne\"},{\"@type\":\"BreadcrumbList\",\"@id\":\"https:\/\/grenier-isis.com\/?product=bracelet-hindi-taille-m#breadcrumb\",\"itemListElement\":[{\"@type\":\"ListItem\",\"position\":1,\"name\":\"Accueil\",\"item\":\"https:\/\/grenier-isis.com\/\"},{\"@type\":\"ListItem\",\"position\":2,\"name\":\"Boutique\",\"item\":\"https:\/\/grenier-isis.com\/?page_id=6\"},{\"@type\":\"ListItem\",\"position\":3,\"name\":\"Bracelet HINDI (taille M)\"}]},{\"@type\":\"WebSite\",\"@id\":\"https:\/\/grenier-isis.com\/#website\",\"url\":\"https:\/\/grenier-isis.com\/\",\"name\":\"Le Grenier d'Isis\",\"description\":\"Spiritualit\u00e9, Guidance et Bien-\u00eatre, Le Grenier d&#039;Isis cr\u00e9e des objets artisanaux en quantit\u00e9 limit\u00e9e.\",\"publisher\":{\"@id\":\"https:\/\/grenier-isis.com\/#organization\"},\"potentialAction\":[{\"@type\":\"SearchAction\",\"target\":{\"@type\":\"EntryPoint\",\"urlTemplate\":\"https:\/\/grenier-isis.com\/?s={search_term_string}\"},\"query-input\":\"required name=search_term_string\"}],\"inLanguage\":\"fr-FR\"},{\"@type\":\"Organization\",\"@id\":\"https:\/\/grenier-isis.com\/#organization\",\"name\":\"Le Grenier d'Isis\",\"url\":\"https:\/\/grenier-isis.com\/\",\"logo\":{\"@type\":\"ImageObject\",\"inLanguage\":\"fr-FR\",\"@id\":\"https:\/\/grenier-isis.com\/#\/schema\/logo\/image\/\",\"url\":\"https:\/\/grenier-isis.com\/wp-content\/uploads\/2024\/07\/FLYER-grenier-isis1.png\",\"contentUrl\":\"https:\/\/grenier-isis.com\/wp-content\/uploads\/2024\/07\/FLYER-grenier-isis1.png\",\"width\":428,\"height\":441,\"caption\":\"Le Grenier d'Isis\"},\"image\":{\"@id\":\"https:\/\/grenier-isis.com\/#\/schema\/logo\/image\/\"},\"sameAs\":[\"https:\/\/www.facebook.com\/people\/Le-grenier-dIsis\/61563455049460\/?mibextid=LQQJ4d&rdid=io61r7MEn4CStVMk&share_url=httpswww.facebook.comshareXayHLvUfMHxAu5pMmibextidLQQJ4d\",\"https:\/\/www.tiktok.com\/@le_grenier_disis\",\"https:\/\/www.instagram.com\/le_grenier_d_isis_?igsh=aDZlbjVrdnNsbTc3&utm_source=qr\",\"https:\/\/www.youtube.com\/@LeGrenierdIsis\"]}]}<\/script>\n<!-- \/ Yoast SEO plugin. -->","yoast_head_json":{"title":"pierres aux vertus protectricesBracelet HINDI (taille M) - Le Grenier d&#039;Isis %","description":"Le Grenier d&#039;Isis - Bracelet HINDI (taille M) Bracelet en perles d'agate indienne qui procure la confiance en soi . Pierres aux vertus protectrices","robots":{"index":"index","follow":"follow","max-snippet":"max-snippet:-1","max-image-preview":"max-image-preview:large","max-video-preview":"max-video-preview:-1"},"canonical":"https:\/\/grenier-isis.com\/?product=bracelet-hindi-taille-m","og_locale":"fr_FR","og_type":"article","og_title":"pierres aux vertus protectricesBracelet HINDI (taille M) - Le Grenier d&#039;Isis %","og_description":"Le Grenier d&#039;Isis - Bracelet HINDI (taille M) Bracelet en perles d'agate indienne qui procure la confiance en soi . Pierres aux vertus protectrices","og_url":"https:\/\/grenier-isis.com\/?product=bracelet-hindi-taille-m","og_site_name":"Le Grenier d&#039;Isis","article_publisher":"https:\/\/www.facebook.com\/people\/Le-grenier-dIsis\/61563455049460\/?mibextid=LQQJ4d&rdid=io61r7MEn4CStVMk&share_url=httpswww.facebook.comshareXayHLvUfMHxAu5pMmibextidLQQJ4d","article_modified_time":"2024-11-03T18:36:09+00:00","og_image":[{"width":697,"height":645,"url":"https:\/\/grenier-isis.com\/wp-content\/uploads\/2024\/10\/hindi.jpg","type":"image\/jpeg"}],"twitter_card":"summary_large_image","twitter_misc":{"Dur\u00e9e de lecture estim\u00e9e":"1 minute"},"schema":{"@context":"https:\/\/schema.org","@graph":[{"@type":"WebPage","@id":"https:\/\/grenier-isis.com\/?product=bracelet-hindi-taille-m","url":"https:\/\/grenier-isis.com\/?product=bracelet-hindi-taille-m","name":"pierres aux vertus protectricesBracelet HINDI (taille M) - Le Grenier d&#039;Isis %","isPartOf":{"@id":"https:\/\/grenier-isis.com\/#website"},"primaryImageOfPage":{"@id":"https:\/\/grenier-isis.com\/?product=bracelet-hindi-taille-m#primaryimage"},"image":{"@id":"https:\/\/grenier-isis.com\/?product=bracelet-hindi-taille-m#primaryimage"},"thumbnailUrl":"https:\/\/grenier-isis.com\/wp-content\/uploads\/2024\/10\/hindi.jpg","datePublished":"2024-10-23T14:42:17+00:00","dateModified":"2024-11-03T18:36:09+00:00","description":"Le Grenier d&#039;Isis - Bracelet HINDI (taille M) Bracelet en perles d'agate indienne qui procure la confiance en soi . Pierres aux vertus protectrices","breadcrumb":{"@id":"https:\/\/grenier-isis.com\/?product=bracelet-hindi-taille-m#breadcrumb"},"inLanguage":"fr-FR","potentialAction":[{"@type":"ReadAction","target":["https:\/\/grenier-isis.com\/?product=bracelet-hindi-taille-m"]}]},{"@type":"ImageObject","inLanguage":"fr-FR","@id":"https:\/\/grenier-isis.com\/?product=bracelet-hindi-taille-m#primaryimage","url":"https:\/\/grenier-isis.com\/wp-content\/uploads\/2024\/10\/hindi.jpg","contentUrl":"https:\/\/grenier-isis.com\/wp-content\/uploads\/2024\/10\/hindi.jpg","width":697,"height":645,"caption":"Grenier-isis.com - Bracelet de protection en agate indienne"},{"@type":"BreadcrumbList","@id":"https:\/\/grenier-isis.com\/?product=bracelet-hindi-taille-m#breadcrumb","itemListElement":[{"@type":"ListItem","position":1,"name":"Accueil","item":"https:\/\/grenier-isis.com\/"},{"@type":"ListItem","position":2,"name":"Boutique","item":"https:\/\/grenier-isis.com\/?page_id=6"},{"@type":"ListItem","position":3,"name":"Bracelet HINDI (taille M)"}]},{"@type":"WebSite","@id":"https:\/\/grenier-isis.com\/#website","url":"https:\/\/grenier-isis.com\/","name":"Le Grenier d'Isis","description":"Spiritualit\u00e9, Guidance et Bien-\u00eatre, Le Grenier d&#039;Isis cr\u00e9e des objets artisanaux en quantit\u00e9 limit\u00e9e.","publisher":{"@id":"https:\/\/grenier-isis.com\/#organization"},"potentialAction":[{"@type":"SearchAction","target":{"@type":"EntryPoint","urlTemplate":"https:\/\/grenier-isis.com\/?s={search_term_string}"},"query-input":"required name=search_term_string"}],"inLanguage":"fr-FR"},{"@type":"Organization","@id":"https:\/\/grenier-isis.com\/#organization","name":"Le Grenier d'Isis","url":"https:\/\/grenier-isis.com\/","logo":{"@type":"ImageObject","inLanguage":"fr-FR","@id":"https:\/\/grenier-isis.com\/#\/schema\/logo\/image\/","url":"https:\/\/grenier-isis.com\/wp-content\/uploads\/2024\/07\/FLYER-grenier-isis1.png","contentUrl":"https:\/\/grenier-isis.com\/wp-content\/uploads\/2024\/07\/FLYER-grenier-isis1.png","width":428,"height":441,"caption":"Le Grenier d'Isis"},"image":{"@id":"https:\/\/grenier-isis.com\/#\/schema\/logo\/image\/"},"sameAs":["https:\/\/www.facebook.com\/people\/Le-grenier-dIsis\/61563455049460\/?mibextid=LQQJ4d&rdid=io61r7MEn4CStVMk&share_url=httpswww.facebook.comshareXayHLvUfMHxAu5pMmibextidLQQJ4d","https:\/\/www.tiktok.com\/@le_grenier_disis","https:\/\/www.instagram.com\/le_grenier_d_isis_?igsh=aDZlbjVrdnNsbTc3&utm_source=qr","https:\/\/www.youtube.com\/@LeGrenierdIsis"]}]}},"_links":{"self":[{"href":"https:\/\/grenier-isis.com\/index.php?rest_route=\/wp\/v2\/product\/1771"}],"collection":[{"href":"https:\/\/grenier-isis.com\/index.php?rest_route=\/wp\/v2\/product"}],"about":[{"href":"https:\/\/grenier-isis.com\/index.php?rest_route=\/wp\/v2\/types\/product"}],"replies":[{"embeddable":true,"href":"https:\/\/grenier-isis.com\/index.php?rest_route=%2Fwp%2Fv2%2Fcomments&post=1771"}],"wp:featuredmedia":[{"embeddable":true,"href":"https:\/\/grenier-isis.com\/index.php?rest_route=\/wp\/v2\/media\/1772"}],"wp:attachment":[{"href":"https:\/\/grenier-isis.com\/index.php?rest_route=%2Fwp%2Fv2%2Fmedia&parent=1771"}],"wp:term":[{"taxonomy":"product_cat","embeddable":true,"href":"https:\/\/grenier-isis.com\/index.php?rest_route=%2Fwp%2Fv2%2Fproduct_cat&post=1771"},{"taxonomy":"product_tag","embeddable":true,"href":"https:\/\/grenier-isis.com\/index.php?rest_route=%2Fwp%2Fv2%2Fproduct_tag&post=1771"}],"curies":[{"name":"wp","href":"https:\/\/api.w.org\/{rel}","templated":true}]}}