{"id":1769,"date":"2024-10-23T14:15:27","date_gmt":"2024-10-23T14:15:27","guid":{"rendered":"https:\/\/grenier-isis.com\/?post_type=product&#038;p=1769"},"modified":"2024-11-03T18:40:08","modified_gmt":"2024-11-03T18:40:08","slug":"bracelet-waghoba","status":"publish","type":"product","link":"https:\/\/grenier-isis.com\/?product=bracelet-waghoba","title":{"rendered":"Bracelet WAGHOBA"},"content":{"rendered":"<p><strong><a href=\"https:\/\/grenier-isis.com\/?product_cat=bracelets-protection\">Bracelet de protection<\/a>\u00a0 | <a href=\"https:\/\/grenier-isis.com\/?post_type=product\">Boutique<\/a> | <\/strong><a href=\"https:\/\/grenier-isis.com\/\"><strong>Accueil<\/strong><\/a><\/p>\n<p><strong>Bracelet en perles d&#8217;oeil du tigre (pierres naturelles).<br \/>\n<\/strong><\/p>\n<div class=\"wDYxhc\" lang=\"fr-FR\" data-md=\"61\">\n<p>L\u2019<strong>oeil de tigre<\/strong> est une pierre au nom myst\u00e9rieux et aux couleurs envo\u00fbtantes, poss\u00e9dant de nombreuses vertus. Port\u00e9 par les guerriers et les soldats pendant les combats, l\u2019\u0153il de tigre <strong>prot\u00e8ge et apporte force et courage.<\/strong><\/p>\n<\/div>\n<div lang=\"fr-FR\" data-md=\"61\">\n<p id=\"vertus-et-bienfaits-de-l-oeil-de-tigre\" class=\"wp-block-heading\"><strong>Vertus et bienfaits de l\u2019\u0152il de tigre<\/strong><\/p>\n<ul class=\"wp-block-list\">\n<li>Prot\u00e8ge des mauvaises \u00e9nergies<\/li>\n<li>Aide \u00e0 r\u00e9duire le stress<\/li>\n<li>Favorise les id\u00e9es positives<\/li>\n<li>Contribue \u00e0 la d\u00e9tente de l\u2019esprit et du corps<\/li>\n<li>Soulage les douleurs articulaires<\/li>\n<li>Limite les probl\u00e8mes respiratoires<\/li>\n<li>Favorise une meilleure digestion<\/li>\n<\/ul>\n<\/div>\n<p>Diam\u00e8tre bracelet M (moyen) \/ 18-19-cm<br \/>\nDiam\u00e8tre perle : 6 mm.<\/p>\n","protected":false},"excerpt":{"rendered":"<p><strong>Bracelet en perles d&#8217;oeil du tigre.<\/strong><\/p>\n","protected":false},"featured_media":1773,"comment_status":"open","ping_status":"closed","template":"","meta":{"ocean_post_layout":"","ocean_both_sidebars_style":"","ocean_both_sidebars_content_width":0,"ocean_both_sidebars_sidebars_width":0,"ocean_sidebar":"0","ocean_second_sidebar":"0","ocean_disable_margins":"enable","ocean_add_body_class":"","ocean_shortcode_before_top_bar":"","ocean_shortcode_after_top_bar":"","ocean_shortcode_before_header":"","ocean_shortcode_after_header":"","ocean_has_shortcode":"","ocean_shortcode_after_title":"","ocean_shortcode_before_footer_widgets":"","ocean_shortcode_after_footer_widgets":"","ocean_shortcode_before_footer_bottom":"","ocean_shortcode_after_footer_bottom":"","ocean_display_top_bar":"default","ocean_display_header":"default","ocean_header_style":"","ocean_center_header_left_menu":"0","ocean_custom_header_template":"0","ocean_custom_logo":0,"ocean_custom_retina_logo":0,"ocean_custom_logo_max_width":0,"ocean_custom_logo_tablet_max_width":0,"ocean_custom_logo_mobile_max_width":0,"ocean_custom_logo_max_height":0,"ocean_custom_logo_tablet_max_height":0,"ocean_custom_logo_mobile_max_height":0,"ocean_header_custom_menu":"0","ocean_menu_typo_font_family":"0","ocean_menu_typo_font_subset":"","ocean_menu_typo_font_size":0,"ocean_menu_typo_font_size_tablet":0,"ocean_menu_typo_font_size_mobile":0,"ocean_menu_typo_font_size_unit":"px","ocean_menu_typo_font_weight":"","ocean_menu_typo_font_weight_tablet":"","ocean_menu_typo_font_weight_mobile":"","ocean_menu_typo_transform":"","ocean_menu_typo_transform_tablet":"","ocean_menu_typo_transform_mobile":"","ocean_menu_typo_line_height":0,"ocean_menu_typo_line_height_tablet":0,"ocean_menu_typo_line_height_mobile":0,"ocean_menu_typo_line_height_unit":"","ocean_menu_typo_spacing":0,"ocean_menu_typo_spacing_tablet":0,"ocean_menu_typo_spacing_mobile":0,"ocean_menu_typo_spacing_unit":"","ocean_menu_link_color":"","ocean_menu_link_color_hover":"","ocean_menu_link_color_active":"","ocean_menu_link_background":"","ocean_menu_link_hover_background":"","ocean_menu_link_active_background":"","ocean_menu_social_links_bg":"","ocean_menu_social_hover_links_bg":"","ocean_menu_social_links_color":"","ocean_menu_social_hover_links_color":"","ocean_disable_title":"default","ocean_disable_heading":"default","ocean_post_title":"","ocean_post_subheading":"","ocean_post_title_style":"","ocean_post_title_background_color":"","ocean_post_title_background":0,"ocean_post_title_bg_image_position":"","ocean_post_title_bg_image_attachment":"","ocean_post_title_bg_image_repeat":"","ocean_post_title_bg_image_size":"","ocean_post_title_height":0,"ocean_post_title_bg_overlay":0.5,"ocean_post_title_bg_overlay_color":"","ocean_disable_breadcrumbs":"default","ocean_breadcrumbs_color":"","ocean_breadcrumbs_separator_color":"","ocean_breadcrumbs_links_color":"","ocean_breadcrumbs_links_hover_color":"","ocean_display_footer_widgets":"default","ocean_display_footer_bottom":"default","ocean_custom_footer_template":"0"},"product_cat":[34],"product_tag":[],"yoast_head":"<!-- This site is optimized with the Yoast SEO plugin v23.0 - https:\/\/yoast.com\/wordpress\/plugins\/seo\/ -->\n<title>bracelet ppierres naturellesBracelet WAGHOBA - Le Grenier d&#039;Isis<\/title>\n<meta name=\"description\" content=\"Le Grenier d&#039;Isis - Bracelet WAGHOBA L\u2019oeil de tigre est une pierre au nom myst\u00e9rieux et aux couleurs envo\u00fbtantes, poss\u00e9dant de nombreuses vertus.\" \/>\n<meta name=\"robots\" content=\"index, follow, max-snippet:-1, max-image-preview:large, max-video-preview:-1\" \/>\n<link rel=\"canonical\" href=\"https:\/\/grenier-isis.com\/?product=bracelet-waghoba\" \/>\n<meta property=\"og:locale\" content=\"fr_FR\" \/>\n<meta property=\"og:type\" content=\"article\" \/>\n<meta property=\"og:title\" content=\"bracelet ppierres naturellesBracelet WAGHOBA - Le Grenier d&#039;Isis\" \/>\n<meta property=\"og:description\" content=\"Le Grenier d&#039;Isis - Bracelet WAGHOBA L\u2019oeil de tigre est une pierre au nom myst\u00e9rieux et aux couleurs envo\u00fbtantes, poss\u00e9dant de nombreuses vertus.\" \/>\n<meta property=\"og:url\" content=\"https:\/\/grenier-isis.com\/?product=bracelet-waghoba\" \/>\n<meta property=\"og:site_name\" content=\"Le Grenier d&#039;Isis\" \/>\n<meta property=\"article:publisher\" content=\"https:\/\/www.facebook.com\/people\/Le-grenier-dIsis\/61563455049460\/?mibextid=LQQJ4d&amp;rdid=io61r7MEn4CStVMk&amp;share_url=httpswww.facebook.comshareXayHLvUfMHxAu5pMmibextidLQQJ4d\" \/>\n<meta property=\"article:modified_time\" content=\"2024-11-03T18:40:08+00:00\" \/>\n<meta property=\"og:image\" content=\"https:\/\/grenier-isis.com\/wp-content\/uploads\/2024\/10\/oeil-du-tigre.jpg\" \/>\n\t<meta property=\"og:image:width\" content=\"723\" \/>\n\t<meta property=\"og:image:height\" content=\"633\" \/>\n\t<meta property=\"og:image:type\" content=\"image\/jpeg\" \/>\n<meta name=\"twitter:card\" content=\"summary_large_image\" \/>\n<meta name=\"twitter:label1\" content=\"Dur\u00e9e de lecture estim\u00e9e\" \/>\n\t<meta name=\"twitter:data1\" content=\"1 minute\" \/>\n<script type=\"application\/ld+json\" class=\"yoast-schema-graph\">{\"@context\":\"https:\/\/schema.org\",\"@graph\":[{\"@type\":\"WebPage\",\"@id\":\"https:\/\/grenier-isis.com\/?product=bracelet-waghoba\",\"url\":\"https:\/\/grenier-isis.com\/?product=bracelet-waghoba\",\"name\":\"bracelet ppierres naturellesBracelet WAGHOBA - Le Grenier d&#039;Isis\",\"isPartOf\":{\"@id\":\"https:\/\/grenier-isis.com\/#website\"},\"primaryImageOfPage\":{\"@id\":\"https:\/\/grenier-isis.com\/?product=bracelet-waghoba#primaryimage\"},\"image\":{\"@id\":\"https:\/\/grenier-isis.com\/?product=bracelet-waghoba#primaryimage\"},\"thumbnailUrl\":\"https:\/\/grenier-isis.com\/wp-content\/uploads\/2024\/10\/oeil-du-tigre.jpg\",\"datePublished\":\"2024-10-23T14:15:27+00:00\",\"dateModified\":\"2024-11-03T18:40:08+00:00\",\"description\":\"Le Grenier d&#039;Isis - Bracelet WAGHOBA L\u2019oeil de tigre est une pierre au nom myst\u00e9rieux et aux couleurs envo\u00fbtantes, poss\u00e9dant de nombreuses vertus.\",\"breadcrumb\":{\"@id\":\"https:\/\/grenier-isis.com\/?product=bracelet-waghoba#breadcrumb\"},\"inLanguage\":\"fr-FR\",\"potentialAction\":[{\"@type\":\"ReadAction\",\"target\":[\"https:\/\/grenier-isis.com\/?product=bracelet-waghoba\"]}]},{\"@type\":\"ImageObject\",\"inLanguage\":\"fr-FR\",\"@id\":\"https:\/\/grenier-isis.com\/?product=bracelet-waghoba#primaryimage\",\"url\":\"https:\/\/grenier-isis.com\/wp-content\/uploads\/2024\/10\/oeil-du-tigre.jpg\",\"contentUrl\":\"https:\/\/grenier-isis.com\/wp-content\/uploads\/2024\/10\/oeil-du-tigre.jpg\",\"width\":723,\"height\":633,\"caption\":\"Grenier-isis.com - Bracelet de protection oeil du tigre\"},{\"@type\":\"BreadcrumbList\",\"@id\":\"https:\/\/grenier-isis.com\/?product=bracelet-waghoba#breadcrumb\",\"itemListElement\":[{\"@type\":\"ListItem\",\"position\":1,\"name\":\"Accueil\",\"item\":\"https:\/\/grenier-isis.com\/\"},{\"@type\":\"ListItem\",\"position\":2,\"name\":\"Boutique\",\"item\":\"https:\/\/grenier-isis.com\/?page_id=6\"},{\"@type\":\"ListItem\",\"position\":3,\"name\":\"Bracelet WAGHOBA\"}]},{\"@type\":\"WebSite\",\"@id\":\"https:\/\/grenier-isis.com\/#website\",\"url\":\"https:\/\/grenier-isis.com\/\",\"name\":\"Le Grenier d'Isis\",\"description\":\"Spiritualit\u00e9, Guidance et Bien-\u00eatre, Le Grenier d&#039;Isis cr\u00e9e des objets artisanaux en quantit\u00e9 limit\u00e9e.\",\"publisher\":{\"@id\":\"https:\/\/grenier-isis.com\/#organization\"},\"potentialAction\":[{\"@type\":\"SearchAction\",\"target\":{\"@type\":\"EntryPoint\",\"urlTemplate\":\"https:\/\/grenier-isis.com\/?s={search_term_string}\"},\"query-input\":\"required name=search_term_string\"}],\"inLanguage\":\"fr-FR\"},{\"@type\":\"Organization\",\"@id\":\"https:\/\/grenier-isis.com\/#organization\",\"name\":\"Le Grenier d'Isis\",\"url\":\"https:\/\/grenier-isis.com\/\",\"logo\":{\"@type\":\"ImageObject\",\"inLanguage\":\"fr-FR\",\"@id\":\"https:\/\/grenier-isis.com\/#\/schema\/logo\/image\/\",\"url\":\"https:\/\/grenier-isis.com\/wp-content\/uploads\/2024\/07\/FLYER-grenier-isis1.png\",\"contentUrl\":\"https:\/\/grenier-isis.com\/wp-content\/uploads\/2024\/07\/FLYER-grenier-isis1.png\",\"width\":428,\"height\":441,\"caption\":\"Le Grenier d'Isis\"},\"image\":{\"@id\":\"https:\/\/grenier-isis.com\/#\/schema\/logo\/image\/\"},\"sameAs\":[\"https:\/\/www.facebook.com\/people\/Le-grenier-dIsis\/61563455049460\/?mibextid=LQQJ4d&rdid=io61r7MEn4CStVMk&share_url=httpswww.facebook.comshareXayHLvUfMHxAu5pMmibextidLQQJ4d\",\"https:\/\/www.tiktok.com\/@le_grenier_disis\",\"https:\/\/www.instagram.com\/le_grenier_d_isis_?igsh=aDZlbjVrdnNsbTc3&utm_source=qr\",\"https:\/\/www.youtube.com\/@LeGrenierdIsis\"]}]}<\/script>\n<!-- \/ Yoast SEO plugin. -->","yoast_head_json":{"title":"bracelet ppierres naturellesBracelet WAGHOBA - Le Grenier d&#039;Isis","description":"Le Grenier d&#039;Isis - Bracelet WAGHOBA L\u2019oeil de tigre est une pierre au nom myst\u00e9rieux et aux couleurs envo\u00fbtantes, poss\u00e9dant de nombreuses vertus.","robots":{"index":"index","follow":"follow","max-snippet":"max-snippet:-1","max-image-preview":"max-image-preview:large","max-video-preview":"max-video-preview:-1"},"canonical":"https:\/\/grenier-isis.com\/?product=bracelet-waghoba","og_locale":"fr_FR","og_type":"article","og_title":"bracelet ppierres naturellesBracelet WAGHOBA - Le Grenier d&#039;Isis","og_description":"Le Grenier d&#039;Isis - Bracelet WAGHOBA L\u2019oeil de tigre est une pierre au nom myst\u00e9rieux et aux couleurs envo\u00fbtantes, poss\u00e9dant de nombreuses vertus.","og_url":"https:\/\/grenier-isis.com\/?product=bracelet-waghoba","og_site_name":"Le Grenier d&#039;Isis","article_publisher":"https:\/\/www.facebook.com\/people\/Le-grenier-dIsis\/61563455049460\/?mibextid=LQQJ4d&rdid=io61r7MEn4CStVMk&share_url=httpswww.facebook.comshareXayHLvUfMHxAu5pMmibextidLQQJ4d","article_modified_time":"2024-11-03T18:40:08+00:00","og_image":[{"width":723,"height":633,"url":"https:\/\/grenier-isis.com\/wp-content\/uploads\/2024\/10\/oeil-du-tigre.jpg","type":"image\/jpeg"}],"twitter_card":"summary_large_image","twitter_misc":{"Dur\u00e9e de lecture estim\u00e9e":"1 minute"},"schema":{"@context":"https:\/\/schema.org","@graph":[{"@type":"WebPage","@id":"https:\/\/grenier-isis.com\/?product=bracelet-waghoba","url":"https:\/\/grenier-isis.com\/?product=bracelet-waghoba","name":"bracelet ppierres naturellesBracelet WAGHOBA - Le Grenier d&#039;Isis","isPartOf":{"@id":"https:\/\/grenier-isis.com\/#website"},"primaryImageOfPage":{"@id":"https:\/\/grenier-isis.com\/?product=bracelet-waghoba#primaryimage"},"image":{"@id":"https:\/\/grenier-isis.com\/?product=bracelet-waghoba#primaryimage"},"thumbnailUrl":"https:\/\/grenier-isis.com\/wp-content\/uploads\/2024\/10\/oeil-du-tigre.jpg","datePublished":"2024-10-23T14:15:27+00:00","dateModified":"2024-11-03T18:40:08+00:00","description":"Le Grenier d&#039;Isis - Bracelet WAGHOBA L\u2019oeil de tigre est une pierre au nom myst\u00e9rieux et aux couleurs envo\u00fbtantes, poss\u00e9dant de nombreuses vertus.","breadcrumb":{"@id":"https:\/\/grenier-isis.com\/?product=bracelet-waghoba#breadcrumb"},"inLanguage":"fr-FR","potentialAction":[{"@type":"ReadAction","target":["https:\/\/grenier-isis.com\/?product=bracelet-waghoba"]}]},{"@type":"ImageObject","inLanguage":"fr-FR","@id":"https:\/\/grenier-isis.com\/?product=bracelet-waghoba#primaryimage","url":"https:\/\/grenier-isis.com\/wp-content\/uploads\/2024\/10\/oeil-du-tigre.jpg","contentUrl":"https:\/\/grenier-isis.com\/wp-content\/uploads\/2024\/10\/oeil-du-tigre.jpg","width":723,"height":633,"caption":"Grenier-isis.com - Bracelet de protection oeil du tigre"},{"@type":"BreadcrumbList","@id":"https:\/\/grenier-isis.com\/?product=bracelet-waghoba#breadcrumb","itemListElement":[{"@type":"ListItem","position":1,"name":"Accueil","item":"https:\/\/grenier-isis.com\/"},{"@type":"ListItem","position":2,"name":"Boutique","item":"https:\/\/grenier-isis.com\/?page_id=6"},{"@type":"ListItem","position":3,"name":"Bracelet WAGHOBA"}]},{"@type":"WebSite","@id":"https:\/\/grenier-isis.com\/#website","url":"https:\/\/grenier-isis.com\/","name":"Le Grenier d'Isis","description":"Spiritualit\u00e9, Guidance et Bien-\u00eatre, Le Grenier d&#039;Isis cr\u00e9e des objets artisanaux en quantit\u00e9 limit\u00e9e.","publisher":{"@id":"https:\/\/grenier-isis.com\/#organization"},"potentialAction":[{"@type":"SearchAction","target":{"@type":"EntryPoint","urlTemplate":"https:\/\/grenier-isis.com\/?s={search_term_string}"},"query-input":"required name=search_term_string"}],"inLanguage":"fr-FR"},{"@type":"Organization","@id":"https:\/\/grenier-isis.com\/#organization","name":"Le Grenier d'Isis","url":"https:\/\/grenier-isis.com\/","logo":{"@type":"ImageObject","inLanguage":"fr-FR","@id":"https:\/\/grenier-isis.com\/#\/schema\/logo\/image\/","url":"https:\/\/grenier-isis.com\/wp-content\/uploads\/2024\/07\/FLYER-grenier-isis1.png","contentUrl":"https:\/\/grenier-isis.com\/wp-content\/uploads\/2024\/07\/FLYER-grenier-isis1.png","width":428,"height":441,"caption":"Le Grenier d'Isis"},"image":{"@id":"https:\/\/grenier-isis.com\/#\/schema\/logo\/image\/"},"sameAs":["https:\/\/www.facebook.com\/people\/Le-grenier-dIsis\/61563455049460\/?mibextid=LQQJ4d&rdid=io61r7MEn4CStVMk&share_url=httpswww.facebook.comshareXayHLvUfMHxAu5pMmibextidLQQJ4d","https:\/\/www.tiktok.com\/@le_grenier_disis","https:\/\/www.instagram.com\/le_grenier_d_isis_?igsh=aDZlbjVrdnNsbTc3&utm_source=qr","https:\/\/www.youtube.com\/@LeGrenierdIsis"]}]}},"_links":{"self":[{"href":"https:\/\/grenier-isis.com\/index.php?rest_route=\/wp\/v2\/product\/1769"}],"collection":[{"href":"https:\/\/grenier-isis.com\/index.php?rest_route=\/wp\/v2\/product"}],"about":[{"href":"https:\/\/grenier-isis.com\/index.php?rest_route=\/wp\/v2\/types\/product"}],"replies":[{"embeddable":true,"href":"https:\/\/grenier-isis.com\/index.php?rest_route=%2Fwp%2Fv2%2Fcomments&post=1769"}],"wp:featuredmedia":[{"embeddable":true,"href":"https:\/\/grenier-isis.com\/index.php?rest_route=\/wp\/v2\/media\/1773"}],"wp:attachment":[{"href":"https:\/\/grenier-isis.com\/index.php?rest_route=%2Fwp%2Fv2%2Fmedia&parent=1769"}],"wp:term":[{"taxonomy":"product_cat","embeddable":true,"href":"https:\/\/grenier-isis.com\/index.php?rest_route=%2Fwp%2Fv2%2Fproduct_cat&post=1769"},{"taxonomy":"product_tag","embeddable":true,"href":"https:\/\/grenier-isis.com\/index.php?rest_route=%2Fwp%2Fv2%2Fproduct_tag&post=1769"}],"curies":[{"name":"wp","href":"https:\/\/api.w.org\/{rel}","templated":true}]}}