{"id":1669,"date":"2024-10-19T16:28:43","date_gmt":"2024-10-19T16:28:43","guid":{"rendered":"https:\/\/grenier-isis.com\/?post_type=product&#038;p=1669"},"modified":"2024-12-18T13:26:08","modified_gmt":"2024-12-18T13:26:08","slug":"pendentif-002-2","status":"publish","type":"product","link":"https:\/\/grenier-isis.com\/?product=pendentif-002-2","title":{"rendered":"Pendentif BLACK M&Eacute;TATRON I"},"content":{"rendered":"<p><strong><a href=\"https:\/\/grenier-isis.com\/?product_cat=pendentifs-esoteriques\">Pendentif \u00e9sot\u00e9rique<\/a> | <a href=\"https:\/\/grenier-isis.com\/?post_type=product\">Boutique<\/a> | <a href=\"https:\/\/grenier-isis.com\/\">Accueil<\/a><\/strong><\/p>\n<p><strong>Pendentif \u00e9sot\u00e9rique \u00e9labor\u00e9 autour du cube de M\u00e9tatron.<\/strong><br \/>\n<span class=\"BxUVEf ILfuVd\" lang=\"fr\"><span class=\"hgKElc\"><br \/>\nLe <strong>cube de M\u00e9tatron<\/strong> est une <strong>puissante amulette de protection<\/strong>.<br \/>\nLe cube de M\u00e9tatron permet ainsi d&#8217;\u00e9loigner de son porteur toutes les \u00e9nergies n\u00e9gatives ou n\u00e9fastes qui l&#8217;entourent.<br \/>\nIl s&#8217;agit d&#8217;un <strong>symbole \u00e9sot\u00e9rique<\/strong> fascinant qui a captiv\u00e9 l&#8217;imagination des chercheurs spirituels depuis des si\u00e8cles.<br \/>\nIl pr\u00e9sente un caract\u00e8re <strong>sacr\u00e9<\/strong> est aussi utilis\u00e9 pour la <strong>gu\u00e9rison<\/strong>.<\/span><\/span><\/p>\n<p>Cha\u00eene en acier inoxydable. Longueur : 27 cm. M\u00e9daille en acier inoxydable de 3 cm de diam\u00e8tre.<\/p>\n","protected":false},"excerpt":{"rendered":"<p><strong>Pendentif \u00e9sot\u00e9rique \u00e9labor\u00e9 autour du cube de M\u00e9tatron.<\/strong><\/p>\n","protected":false},"featured_media":1665,"comment_status":"open","ping_status":"closed","template":"","meta":{"ocean_post_layout":"","ocean_both_sidebars_style":"","ocean_both_sidebars_content_width":0,"ocean_both_sidebars_sidebars_width":0,"ocean_sidebar":"0","ocean_second_sidebar":"0","ocean_disable_margins":"enable","ocean_add_body_class":"","ocean_shortcode_before_top_bar":"","ocean_shortcode_after_top_bar":"","ocean_shortcode_before_header":"","ocean_shortcode_after_header":"","ocean_has_shortcode":"","ocean_shortcode_after_title":"","ocean_shortcode_before_footer_widgets":"","ocean_shortcode_after_footer_widgets":"","ocean_shortcode_before_footer_bottom":"","ocean_shortcode_after_footer_bottom":"","ocean_display_top_bar":"default","ocean_display_header":"default","ocean_header_style":"","ocean_center_header_left_menu":"0","ocean_custom_header_template":"0","ocean_custom_logo":0,"ocean_custom_retina_logo":0,"ocean_custom_logo_max_width":0,"ocean_custom_logo_tablet_max_width":0,"ocean_custom_logo_mobile_max_width":0,"ocean_custom_logo_max_height":0,"ocean_custom_logo_tablet_max_height":0,"ocean_custom_logo_mobile_max_height":0,"ocean_header_custom_menu":"0","ocean_menu_typo_font_family":"0","ocean_menu_typo_font_subset":"","ocean_menu_typo_font_size":0,"ocean_menu_typo_font_size_tablet":0,"ocean_menu_typo_font_size_mobile":0,"ocean_menu_typo_font_size_unit":"px","ocean_menu_typo_font_weight":"","ocean_menu_typo_font_weight_tablet":"","ocean_menu_typo_font_weight_mobile":"","ocean_menu_typo_transform":"","ocean_menu_typo_transform_tablet":"","ocean_menu_typo_transform_mobile":"","ocean_menu_typo_line_height":0,"ocean_menu_typo_line_height_tablet":0,"ocean_menu_typo_line_height_mobile":0,"ocean_menu_typo_line_height_unit":"","ocean_menu_typo_spacing":0,"ocean_menu_typo_spacing_tablet":0,"ocean_menu_typo_spacing_mobile":0,"ocean_menu_typo_spacing_unit":"","ocean_menu_link_color":"","ocean_menu_link_color_hover":"","ocean_menu_link_color_active":"","ocean_menu_link_background":"","ocean_menu_link_hover_background":"","ocean_menu_link_active_background":"","ocean_menu_social_links_bg":"","ocean_menu_social_hover_links_bg":"","ocean_menu_social_links_color":"","ocean_menu_social_hover_links_color":"","ocean_disable_title":"default","ocean_disable_heading":"default","ocean_post_title":"","ocean_post_subheading":"","ocean_post_title_style":"","ocean_post_title_background_color":"","ocean_post_title_background":0,"ocean_post_title_bg_image_position":"","ocean_post_title_bg_image_attachment":"","ocean_post_title_bg_image_repeat":"","ocean_post_title_bg_image_size":"","ocean_post_title_height":0,"ocean_post_title_bg_overlay":0.5,"ocean_post_title_bg_overlay_color":"","ocean_disable_breadcrumbs":"default","ocean_breadcrumbs_color":"","ocean_breadcrumbs_separator_color":"","ocean_breadcrumbs_links_color":"","ocean_breadcrumbs_links_hover_color":"","ocean_display_footer_widgets":"default","ocean_display_footer_bottom":"default","ocean_custom_footer_template":"0"},"product_cat":[41],"product_tag":[],"yoast_head":"<!-- This site is optimized with the Yoast SEO plugin v23.0 - https:\/\/yoast.com\/wordpress\/plugins\/seo\/ -->\n<title>Mysticisme - \u00e9sot\u00e9risme - Pendentif BLACK M&Eacute;TATRON I - Le Grenier d&#039;Isis<\/title>\n<meta name=\"description\" content=\"Le Grenier d&#039;Isis - Pendentif BLACK M&Eacute;TATRON I Cha\u00eene et m\u00e9daille en acier inoxydable. Mysticisme et \u00e9sot\u00e9risme. Protection spirituelle.\" \/>\n<meta name=\"robots\" content=\"index, follow, max-snippet:-1, max-image-preview:large, max-video-preview:-1\" \/>\n<link rel=\"canonical\" href=\"https:\/\/grenier-isis.com\/?product=pendentif-002-2\" \/>\n<meta property=\"og:locale\" content=\"fr_FR\" \/>\n<meta property=\"og:type\" content=\"article\" \/>\n<meta property=\"og:title\" content=\"Mysticisme - \u00e9sot\u00e9risme - Pendentif BLACK M&Eacute;TATRON I - Le Grenier d&#039;Isis\" \/>\n<meta property=\"og:description\" content=\"Le Grenier d&#039;Isis - Pendentif BLACK M&Eacute;TATRON I Cha\u00eene et m\u00e9daille en acier inoxydable. Mysticisme et \u00e9sot\u00e9risme. Protection spirituelle.\" \/>\n<meta property=\"og:url\" content=\"https:\/\/grenier-isis.com\/?product=pendentif-002-2\" \/>\n<meta property=\"og:site_name\" content=\"Le Grenier d&#039;Isis\" \/>\n<meta property=\"article:publisher\" content=\"https:\/\/www.facebook.com\/people\/Le-grenier-dIsis\/61563455049460\/?mibextid=LQQJ4d&amp;rdid=io61r7MEn4CStVMk&amp;share_url=httpswww.facebook.comshareXayHLvUfMHxAu5pMmibextidLQQJ4d\" \/>\n<meta property=\"article:modified_time\" content=\"2024-12-18T13:26:08+00:00\" \/>\n<meta property=\"og:image\" content=\"https:\/\/grenier-isis.com\/wp-content\/uploads\/2024\/10\/pendentif4a.jpg\" \/>\n\t<meta property=\"og:image:width\" content=\"600\" \/>\n\t<meta property=\"og:image:height\" content=\"703\" \/>\n\t<meta property=\"og:image:type\" content=\"image\/jpeg\" \/>\n<meta name=\"twitter:card\" content=\"summary_large_image\" \/>\n<meta name=\"twitter:label1\" content=\"Dur\u00e9e de lecture estim\u00e9e\" \/>\n\t<meta name=\"twitter:data1\" content=\"1 minute\" \/>\n<script type=\"application\/ld+json\" class=\"yoast-schema-graph\">{\"@context\":\"https:\/\/schema.org\",\"@graph\":[{\"@type\":\"WebPage\",\"@id\":\"https:\/\/grenier-isis.com\/?product=pendentif-002-2\",\"url\":\"https:\/\/grenier-isis.com\/?product=pendentif-002-2\",\"name\":\"Mysticisme - \u00e9sot\u00e9risme - Pendentif BLACK M&Eacute;TATRON I - Le Grenier d&#039;Isis\",\"isPartOf\":{\"@id\":\"https:\/\/grenier-isis.com\/#website\"},\"primaryImageOfPage\":{\"@id\":\"https:\/\/grenier-isis.com\/?product=pendentif-002-2#primaryimage\"},\"image\":{\"@id\":\"https:\/\/grenier-isis.com\/?product=pendentif-002-2#primaryimage\"},\"thumbnailUrl\":\"https:\/\/grenier-isis.com\/wp-content\/uploads\/2024\/10\/pendentif4a.jpg\",\"datePublished\":\"2024-10-19T16:28:43+00:00\",\"dateModified\":\"2024-12-18T13:26:08+00:00\",\"description\":\"Le Grenier d&#039;Isis - Pendentif BLACK M&Eacute;TATRON I Cha\u00eene et m\u00e9daille en acier inoxydable. Mysticisme et \u00e9sot\u00e9risme. Protection spirituelle.\",\"breadcrumb\":{\"@id\":\"https:\/\/grenier-isis.com\/?product=pendentif-002-2#breadcrumb\"},\"inLanguage\":\"fr-FR\",\"potentialAction\":[{\"@type\":\"ReadAction\",\"target\":[\"https:\/\/grenier-isis.com\/?product=pendentif-002-2\"]}]},{\"@type\":\"ImageObject\",\"inLanguage\":\"fr-FR\",\"@id\":\"https:\/\/grenier-isis.com\/?product=pendentif-002-2#primaryimage\",\"url\":\"https:\/\/grenier-isis.com\/wp-content\/uploads\/2024\/10\/pendentif4a.jpg\",\"contentUrl\":\"https:\/\/grenier-isis.com\/wp-content\/uploads\/2024\/10\/pendentif4a.jpg\",\"width\":600,\"height\":703,\"caption\":\"Grenier-isis.com - mysticisme - \u00e9sot\u00e9risme - Pendentif cube de m\u00e9tatron\"},{\"@type\":\"BreadcrumbList\",\"@id\":\"https:\/\/grenier-isis.com\/?product=pendentif-002-2#breadcrumb\",\"itemListElement\":[{\"@type\":\"ListItem\",\"position\":1,\"name\":\"Accueil\",\"item\":\"https:\/\/grenier-isis.com\/\"},{\"@type\":\"ListItem\",\"position\":2,\"name\":\"Boutique\",\"item\":\"https:\/\/grenier-isis.com\/?page_id=6\"},{\"@type\":\"ListItem\",\"position\":3,\"name\":\"Pendentif BLACK M&Eacute;TATRON I\"}]},{\"@type\":\"WebSite\",\"@id\":\"https:\/\/grenier-isis.com\/#website\",\"url\":\"https:\/\/grenier-isis.com\/\",\"name\":\"Le Grenier d'Isis\",\"description\":\"Spiritualit\u00e9, Guidance et Bien-\u00eatre, Le Grenier d&#039;Isis cr\u00e9e des objets artisanaux en quantit\u00e9 limit\u00e9e.\",\"publisher\":{\"@id\":\"https:\/\/grenier-isis.com\/#organization\"},\"potentialAction\":[{\"@type\":\"SearchAction\",\"target\":{\"@type\":\"EntryPoint\",\"urlTemplate\":\"https:\/\/grenier-isis.com\/?s={search_term_string}\"},\"query-input\":\"required name=search_term_string\"}],\"inLanguage\":\"fr-FR\"},{\"@type\":\"Organization\",\"@id\":\"https:\/\/grenier-isis.com\/#organization\",\"name\":\"Le Grenier d'Isis\",\"url\":\"https:\/\/grenier-isis.com\/\",\"logo\":{\"@type\":\"ImageObject\",\"inLanguage\":\"fr-FR\",\"@id\":\"https:\/\/grenier-isis.com\/#\/schema\/logo\/image\/\",\"url\":\"https:\/\/grenier-isis.com\/wp-content\/uploads\/2024\/07\/FLYER-grenier-isis1.png\",\"contentUrl\":\"https:\/\/grenier-isis.com\/wp-content\/uploads\/2024\/07\/FLYER-grenier-isis1.png\",\"width\":428,\"height\":441,\"caption\":\"Le Grenier d'Isis\"},\"image\":{\"@id\":\"https:\/\/grenier-isis.com\/#\/schema\/logo\/image\/\"},\"sameAs\":[\"https:\/\/www.facebook.com\/people\/Le-grenier-dIsis\/61563455049460\/?mibextid=LQQJ4d&rdid=io61r7MEn4CStVMk&share_url=httpswww.facebook.comshareXayHLvUfMHxAu5pMmibextidLQQJ4d\",\"https:\/\/www.tiktok.com\/@le_grenier_disis\",\"https:\/\/www.instagram.com\/le_grenier_d_isis_?igsh=aDZlbjVrdnNsbTc3&utm_source=qr\",\"https:\/\/www.youtube.com\/@LeGrenierdIsis\"]}]}<\/script>\n<!-- \/ Yoast SEO plugin. -->","yoast_head_json":{"title":"Mysticisme - \u00e9sot\u00e9risme - Pendentif BLACK M&Eacute;TATRON I - Le Grenier d&#039;Isis","description":"Le Grenier d&#039;Isis - Pendentif BLACK M&Eacute;TATRON I Cha\u00eene et m\u00e9daille en acier inoxydable. Mysticisme et \u00e9sot\u00e9risme. Protection spirituelle.","robots":{"index":"index","follow":"follow","max-snippet":"max-snippet:-1","max-image-preview":"max-image-preview:large","max-video-preview":"max-video-preview:-1"},"canonical":"https:\/\/grenier-isis.com\/?product=pendentif-002-2","og_locale":"fr_FR","og_type":"article","og_title":"Mysticisme - \u00e9sot\u00e9risme - Pendentif BLACK M&Eacute;TATRON I - Le Grenier d&#039;Isis","og_description":"Le Grenier d&#039;Isis - Pendentif BLACK M&Eacute;TATRON I Cha\u00eene et m\u00e9daille en acier inoxydable. Mysticisme et \u00e9sot\u00e9risme. Protection spirituelle.","og_url":"https:\/\/grenier-isis.com\/?product=pendentif-002-2","og_site_name":"Le Grenier d&#039;Isis","article_publisher":"https:\/\/www.facebook.com\/people\/Le-grenier-dIsis\/61563455049460\/?mibextid=LQQJ4d&rdid=io61r7MEn4CStVMk&share_url=httpswww.facebook.comshareXayHLvUfMHxAu5pMmibextidLQQJ4d","article_modified_time":"2024-12-18T13:26:08+00:00","og_image":[{"width":600,"height":703,"url":"https:\/\/grenier-isis.com\/wp-content\/uploads\/2024\/10\/pendentif4a.jpg","type":"image\/jpeg"}],"twitter_card":"summary_large_image","twitter_misc":{"Dur\u00e9e de lecture estim\u00e9e":"1 minute"},"schema":{"@context":"https:\/\/schema.org","@graph":[{"@type":"WebPage","@id":"https:\/\/grenier-isis.com\/?product=pendentif-002-2","url":"https:\/\/grenier-isis.com\/?product=pendentif-002-2","name":"Mysticisme - \u00e9sot\u00e9risme - Pendentif BLACK M&Eacute;TATRON I - Le Grenier d&#039;Isis","isPartOf":{"@id":"https:\/\/grenier-isis.com\/#website"},"primaryImageOfPage":{"@id":"https:\/\/grenier-isis.com\/?product=pendentif-002-2#primaryimage"},"image":{"@id":"https:\/\/grenier-isis.com\/?product=pendentif-002-2#primaryimage"},"thumbnailUrl":"https:\/\/grenier-isis.com\/wp-content\/uploads\/2024\/10\/pendentif4a.jpg","datePublished":"2024-10-19T16:28:43+00:00","dateModified":"2024-12-18T13:26:08+00:00","description":"Le Grenier d&#039;Isis - Pendentif BLACK M&Eacute;TATRON I Cha\u00eene et m\u00e9daille en acier inoxydable. Mysticisme et \u00e9sot\u00e9risme. Protection spirituelle.","breadcrumb":{"@id":"https:\/\/grenier-isis.com\/?product=pendentif-002-2#breadcrumb"},"inLanguage":"fr-FR","potentialAction":[{"@type":"ReadAction","target":["https:\/\/grenier-isis.com\/?product=pendentif-002-2"]}]},{"@type":"ImageObject","inLanguage":"fr-FR","@id":"https:\/\/grenier-isis.com\/?product=pendentif-002-2#primaryimage","url":"https:\/\/grenier-isis.com\/wp-content\/uploads\/2024\/10\/pendentif4a.jpg","contentUrl":"https:\/\/grenier-isis.com\/wp-content\/uploads\/2024\/10\/pendentif4a.jpg","width":600,"height":703,"caption":"Grenier-isis.com - mysticisme - \u00e9sot\u00e9risme - Pendentif cube de m\u00e9tatron"},{"@type":"BreadcrumbList","@id":"https:\/\/grenier-isis.com\/?product=pendentif-002-2#breadcrumb","itemListElement":[{"@type":"ListItem","position":1,"name":"Accueil","item":"https:\/\/grenier-isis.com\/"},{"@type":"ListItem","position":2,"name":"Boutique","item":"https:\/\/grenier-isis.com\/?page_id=6"},{"@type":"ListItem","position":3,"name":"Pendentif BLACK M&Eacute;TATRON I"}]},{"@type":"WebSite","@id":"https:\/\/grenier-isis.com\/#website","url":"https:\/\/grenier-isis.com\/","name":"Le Grenier d'Isis","description":"Spiritualit\u00e9, Guidance et Bien-\u00eatre, Le Grenier d&#039;Isis cr\u00e9e des objets artisanaux en quantit\u00e9 limit\u00e9e.","publisher":{"@id":"https:\/\/grenier-isis.com\/#organization"},"potentialAction":[{"@type":"SearchAction","target":{"@type":"EntryPoint","urlTemplate":"https:\/\/grenier-isis.com\/?s={search_term_string}"},"query-input":"required name=search_term_string"}],"inLanguage":"fr-FR"},{"@type":"Organization","@id":"https:\/\/grenier-isis.com\/#organization","name":"Le Grenier d'Isis","url":"https:\/\/grenier-isis.com\/","logo":{"@type":"ImageObject","inLanguage":"fr-FR","@id":"https:\/\/grenier-isis.com\/#\/schema\/logo\/image\/","url":"https:\/\/grenier-isis.com\/wp-content\/uploads\/2024\/07\/FLYER-grenier-isis1.png","contentUrl":"https:\/\/grenier-isis.com\/wp-content\/uploads\/2024\/07\/FLYER-grenier-isis1.png","width":428,"height":441,"caption":"Le Grenier d'Isis"},"image":{"@id":"https:\/\/grenier-isis.com\/#\/schema\/logo\/image\/"},"sameAs":["https:\/\/www.facebook.com\/people\/Le-grenier-dIsis\/61563455049460\/?mibextid=LQQJ4d&rdid=io61r7MEn4CStVMk&share_url=httpswww.facebook.comshareXayHLvUfMHxAu5pMmibextidLQQJ4d","https:\/\/www.tiktok.com\/@le_grenier_disis","https:\/\/www.instagram.com\/le_grenier_d_isis_?igsh=aDZlbjVrdnNsbTc3&utm_source=qr","https:\/\/www.youtube.com\/@LeGrenierdIsis"]}]}},"_links":{"self":[{"href":"https:\/\/grenier-isis.com\/index.php?rest_route=\/wp\/v2\/product\/1669"}],"collection":[{"href":"https:\/\/grenier-isis.com\/index.php?rest_route=\/wp\/v2\/product"}],"about":[{"href":"https:\/\/grenier-isis.com\/index.php?rest_route=\/wp\/v2\/types\/product"}],"replies":[{"embeddable":true,"href":"https:\/\/grenier-isis.com\/index.php?rest_route=%2Fwp%2Fv2%2Fcomments&post=1669"}],"wp:featuredmedia":[{"embeddable":true,"href":"https:\/\/grenier-isis.com\/index.php?rest_route=\/wp\/v2\/media\/1665"}],"wp:attachment":[{"href":"https:\/\/grenier-isis.com\/index.php?rest_route=%2Fwp%2Fv2%2Fmedia&parent=1669"}],"wp:term":[{"taxonomy":"product_cat","embeddable":true,"href":"https:\/\/grenier-isis.com\/index.php?rest_route=%2Fwp%2Fv2%2Fproduct_cat&post=1669"},{"taxonomy":"product_tag","embeddable":true,"href":"https:\/\/grenier-isis.com\/index.php?rest_route=%2Fwp%2Fv2%2Fproduct_tag&post=1669"}],"curies":[{"name":"wp","href":"https:\/\/api.w.org\/{rel}","templated":true}]}}