{"id":432,"date":"2024-09-03T07:24:05","date_gmt":"2024-09-03T07:24:05","guid":{"rendered":"https:\/\/grenier-isis.com\/?page_id=432"},"modified":"2024-11-02T15:13:39","modified_gmt":"2024-11-02T15:13:39","slug":"qui-sommes-nous","status":"publish","type":"page","link":"https:\/\/grenier-isis.com\/?page_id=432","title":{"rendered":"Qui sommes-nous ?"},"content":{"rendered":"\t\t<div data-elementor-type=\"wp-page\" data-elementor-id=\"432\" class=\"elementor elementor-432\" data-elementor-post-type=\"page\">\n\t\t\t\t<div class=\"elementor-element elementor-element-d502040 e-flex e-con-boxed e-con e-parent\" data-id=\"d502040\" data-element_type=\"container\">\n\t\t\t\t\t<div class=\"e-con-inner\">\n\t\t<div class=\"elementor-element elementor-element-14e1be1 e-con-full e-flex e-con e-child\" data-id=\"14e1be1\" data-element_type=\"container\">\n\t\t\t\t<div class=\"elementor-element elementor-element-8153623 elementor-widget elementor-widget-text-editor\" data-id=\"8153623\" data-element_type=\"widget\" data-widget_type=\"text-editor.default\">\n\t\t\t\t<div class=\"elementor-widget-container\">\n\t\t\t\t\t\t\t\t\t<p><strong><a href=\"https:\/\/grenier-isis.com\/?page_id=432\">&lt; qui sommes-nous ? \/ L&#8217;\u00e9quipe du Grenier d&#8217;Isis &gt;<\/a><\/strong><\/p>\t\t\t\t\t\t\t\t<\/div>\n\t\t\t\t<\/div>\n\t\t\t\t<\/div>\n\t\t\t\t<div class=\"elementor-element elementor-element-2d2f5f1 elementor-widget elementor-widget-text-editor\" data-id=\"2d2f5f1\" data-element_type=\"widget\" data-widget_type=\"text-editor.default\">\n\t\t\t\t<div class=\"elementor-widget-container\">\n\t\t\t\t\t\t\t\t\t<p><em><strong>Le Grenier d&#8217;Isis<\/strong> est un <strong>atelier de cr\u00e9ation<\/strong> cr\u00e9\u00e9 en juillet 2024 sous un statut de micro-entreprise et localis\u00e9 en <strong>Bretagne<\/strong>, le pays des f\u00e9es et des Korrigans.<\/em><\/p>\t\t\t\t\t\t\t\t<\/div>\n\t\t\t\t<\/div>\n\t\t\t\t\t<\/div>\n\t\t\t\t<\/div>\n\t\t<div class=\"elementor-element elementor-element-49c47fc e-grid e-con-boxed e-con e-parent\" data-id=\"49c47fc\" data-element_type=\"container\">\n\t\t\t\t\t<div class=\"e-con-inner\">\n\t\t\t\t<div class=\"elementor-element elementor-element-4cfee13 elementor-widget elementor-widget-text-editor\" data-id=\"4cfee13\" data-element_type=\"widget\" data-widget_type=\"text-editor.default\">\n\t\t\t\t<div class=\"elementor-widget-container\">\n\t\t\t\t\t\t\t\t\t<p>Fond\u00e9 par <strong>St\u00e9phanie<\/strong>, une professionnelle de la petite enfance passionn\u00e9e par la cr\u00e9ation artistique et tout ce qui touche au monde de la <strong>spiritualit\u00e9<\/strong>.<\/p><p>De plus, elle a \u00e9t\u00e9 form\u00e9e dans sa jeunesse au dessin au pastel et \u00e0 la peinture par une tante dipl\u00f4m\u00e9e des <strong>Beaux-Arts<\/strong> dont elle \u00e9tait tr\u00e8s proche.<\/p><p>Effectivement, St\u00e9phanie souhaite cr\u00e9er des objets uniques et esth\u00e9tiques, en respectant au mieux les valeurs du d\u00e9veloppement durable, notamment en utilisant la technique du <strong>recyclage<\/strong> ou de la 2\u00e8me vie de certains objets. Elle favorise \u00e9galement l&#8217;emploi des produits <strong>respectueux de l&#8217;environnement<\/strong> dans la mesure du possible.<\/p>\t\t\t\t\t\t\t\t<\/div>\n\t\t\t\t<\/div>\n\t\t\t\t<div class=\"elementor-element elementor-element-b041409 elementor-widget elementor-widget-image\" data-id=\"b041409\" data-element_type=\"widget\" data-widget_type=\"image.default\">\n\t\t\t\t<div class=\"elementor-widget-container\">\n\t\t\t\t\t\t\t\t\t\t\t\t\t\t\t<img fetchpriority=\"high\" decoding=\"async\" width=\"291\" height=\"300\" src=\"https:\/\/grenier-isis.com\/wp-content\/uploads\/2024\/07\/19-291x300.jpg\" class=\"attachment-medium size-medium wp-image-94\" alt=\"\" srcset=\"https:\/\/grenier-isis.com\/wp-content\/uploads\/2024\/07\/19-291x300.jpg 291w, https:\/\/grenier-isis.com\/wp-content\/uploads\/2024\/07\/19-scaled-400x412.jpg 400w, https:\/\/grenier-isis.com\/wp-content\/uploads\/2024\/07\/19-994x1024.jpg 994w, https:\/\/grenier-isis.com\/wp-content\/uploads\/2024\/07\/19-768x791.jpg 768w, https:\/\/grenier-isis.com\/wp-content\/uploads\/2024\/07\/19-1491x1536.jpg 1491w, https:\/\/grenier-isis.com\/wp-content\/uploads\/2024\/07\/19-1988x2048.jpg 1988w\" sizes=\"(max-width: 291px) 100vw, 291px\" \/>\t\t\t\t\t\t\t\t\t\t\t\t\t\t\t<\/div>\n\t\t\t\t<\/div>\n\t\t\t\t\t<\/div>\n\t\t\t\t<\/div>\n\t\t<div class=\"elementor-element elementor-element-db1ddbe e-grid e-con-boxed e-con e-parent\" data-id=\"db1ddbe\" data-element_type=\"container\">\n\t\t\t\t\t<div class=\"e-con-inner\">\n\t\t\t\t<div class=\"elementor-element elementor-element-b617c7c elementor-widget elementor-widget-image\" data-id=\"b617c7c\" data-element_type=\"widget\" data-widget_type=\"image.default\">\n\t\t\t\t<div class=\"elementor-widget-container\">\n\t\t\t\t\t\t\t\t\t\t\t\t\t\t\t<img decoding=\"async\" width=\"300\" height=\"300\" src=\"https:\/\/grenier-isis.com\/wp-content\/uploads\/2024\/07\/design-17210427646551-300x300.jpg\" class=\"attachment-medium size-medium wp-image-96\" alt=\"\" srcset=\"https:\/\/grenier-isis.com\/wp-content\/uploads\/2024\/07\/design-17210427646551-300x300.jpg 300w, https:\/\/grenier-isis.com\/wp-content\/uploads\/2024\/07\/design-17210427646551-scaled-100x100.jpg 100w, https:\/\/grenier-isis.com\/wp-content\/uploads\/2024\/07\/design-17210427646551-1020x1024.jpg 1020w, https:\/\/grenier-isis.com\/wp-content\/uploads\/2024\/07\/design-17210427646551-150x150.jpg 150w, https:\/\/grenier-isis.com\/wp-content\/uploads\/2024\/07\/design-17210427646551-768x771.jpg 768w, https:\/\/grenier-isis.com\/wp-content\/uploads\/2024\/07\/design-17210427646551-1530x1536.jpg 1530w, https:\/\/grenier-isis.com\/wp-content\/uploads\/2024\/07\/design-17210427646551-2040x2048.jpg 2040w\" sizes=\"(max-width: 300px) 100vw, 300px\" \/>\t\t\t\t\t\t\t\t\t\t\t\t\t\t\t<\/div>\n\t\t\t\t<\/div>\n\t\t\t\t<div class=\"elementor-element elementor-element-40a08dd elementor-widget elementor-widget-text-editor\" data-id=\"40a08dd\" data-element_type=\"widget\" data-widget_type=\"text-editor.default\">\n\t\t\t\t<div class=\"elementor-widget-container\">\n\t\t\t\t\t\t\t\t\t<p><a href=\"https:\/\/grenier-isis.com\/shop\/\">Grenier-isis.com<\/a> est la <strong>boutique en ligne officielle<\/strong> de l&#8217;atelier du Grenier d&#8217;Isis. Vous y trouverez tous les objets cr\u00e9\u00e9s et mis en vente par <strong>St\u00e9phanie<\/strong>.<\/p><p>Le site web de la boutique a \u00e9t\u00e9 con\u00e7u et r\u00e9alis\u00e9 par <strong>Mathias<\/strong>, biblioth\u00e9caire passionn\u00e9 de musique et ancien professionnel du <strong>monde du num\u00e9rique<\/strong>.<\/p><p>En effet, Mathias est charg\u00e9 de faire les mises \u00e0 jour sur la boutique, de veiller \u00e0 son bon fonctionnement et d&#8217;y ajouter des <strong>fonctionnalit\u00e9s compl\u00e9mentaires<\/strong> dans le futur.<\/p>\t\t\t\t\t\t\t\t<\/div>\n\t\t\t\t<\/div>\n\t\t\t\t\t<\/div>\n\t\t\t\t<\/div>\n\t\t<div class=\"elementor-element elementor-element-ce51a52 e-flex e-con-boxed e-con e-parent\" data-id=\"ce51a52\" data-element_type=\"container\">\n\t\t\t\t\t<div class=\"e-con-inner\">\n\t\t\t\t<div class=\"elementor-element elementor-element-df975c7 elementor-widget elementor-widget-image\" data-id=\"df975c7\" data-element_type=\"widget\" data-widget_type=\"image.default\">\n\t\t\t\t<div class=\"elementor-widget-container\">\n\t\t\t\t\t\t\t\t\t\t\t\t<figure class=\"wp-caption\">\n\t\t\t\t\t\t\t\t\t\t<img decoding=\"async\" width=\"1536\" height=\"885\" src=\"https:\/\/grenier-isis.com\/wp-content\/uploads\/2024\/09\/IMG_1075-1536x885.jpg\" class=\"attachment-1536x1536 size-1536x1536 wp-image-674\" alt=\"\" srcset=\"https:\/\/grenier-isis.com\/wp-content\/uploads\/2024\/09\/IMG_1075-1536x885.jpg 1536w, https:\/\/grenier-isis.com\/wp-content\/uploads\/2024\/09\/IMG_1075-400x230.jpg 400w, https:\/\/grenier-isis.com\/wp-content\/uploads\/2024\/09\/IMG_1075-300x173.jpg 300w, https:\/\/grenier-isis.com\/wp-content\/uploads\/2024\/09\/IMG_1075-1024x590.jpg 1024w, https:\/\/grenier-isis.com\/wp-content\/uploads\/2024\/09\/IMG_1075-768x442.jpg 768w, https:\/\/grenier-isis.com\/wp-content\/uploads\/2024\/09\/IMG_1075.jpg 2016w\" sizes=\"(max-width: 1536px) 100vw, 1536px\" \/>\t\t\t\t\t\t\t\t\t\t\t<figcaption class=\"widget-image-caption wp-caption-text\">\u00a9 2024 Le Grenier d'Isis - grenier-isis.com - tous droits r\u00e9serv\u00e9s<\/figcaption>\n\t\t\t\t\t\t\t\t\t\t<\/figure>\n\t\t\t\t\t\t\t\t\t<\/div>\n\t\t\t\t<\/div>\n\t\t\t\t\t<\/div>\n\t\t\t\t<\/div>\n\t\t\t\t<\/div>\n\t\t","protected":false},"excerpt":{"rendered":"<p>&lt; qui sommes-nous ? \/ L&#8217;\u00e9quipe du Grenier d&#8217;Isis &gt; Le Grenier d&#8217;Isis est un atelier de cr\u00e9ation cr\u00e9\u00e9 en juillet 2024 sous un statut de micro-entreprise et localis\u00e9 en Bretagne, le pays des f\u00e9es et des Korrigans. Fond\u00e9 par St\u00e9phanie, une professionnelle de la petite enfance passionn\u00e9e par la cr\u00e9ation artistique et tout ce [&hellip;]<\/p>\n","protected":false},"author":1,"featured_media":0,"parent":0,"menu_order":0,"comment_status":"closed","ping_status":"closed","template":"","meta":{"ocean_post_layout":"","ocean_both_sidebars_style":"","ocean_both_sidebars_content_width":0,"ocean_both_sidebars_sidebars_width":0,"ocean_sidebar":"","ocean_second_sidebar":"","ocean_disable_margins":"enable","ocean_add_body_class":"","ocean_shortcode_before_top_bar":"","ocean_shortcode_after_top_bar":"","ocean_shortcode_before_header":"","ocean_shortcode_after_header":"","ocean_has_shortcode":"","ocean_shortcode_after_title":"","ocean_shortcode_before_footer_widgets":"","ocean_shortcode_after_footer_widgets":"","ocean_shortcode_before_footer_bottom":"","ocean_shortcode_after_footer_bottom":"","ocean_display_top_bar":"default","ocean_display_header":"default","ocean_header_style":"","ocean_center_header_left_menu":"","ocean_custom_header_template":"","ocean_custom_logo":0,"ocean_custom_retina_logo":0,"ocean_custom_logo_max_width":0,"ocean_custom_logo_tablet_max_width":0,"ocean_custom_logo_mobile_max_width":0,"ocean_custom_logo_max_height":0,"ocean_custom_logo_tablet_max_height":0,"ocean_custom_logo_mobile_max_height":0,"ocean_header_custom_menu":"","ocean_menu_typo_font_family":"","ocean_menu_typo_font_subset":"","ocean_menu_typo_font_size":0,"ocean_menu_typo_font_size_tablet":0,"ocean_menu_typo_font_size_mobile":0,"ocean_menu_typo_font_size_unit":"px","ocean_menu_typo_font_weight":"","ocean_menu_typo_font_weight_tablet":"","ocean_menu_typo_font_weight_mobile":"","ocean_menu_typo_transform":"","ocean_menu_typo_transform_tablet":"","ocean_menu_typo_transform_mobile":"","ocean_menu_typo_line_height":0,"ocean_menu_typo_line_height_tablet":0,"ocean_menu_typo_line_height_mobile":0,"ocean_menu_typo_line_height_unit":"","ocean_menu_typo_spacing":0,"ocean_menu_typo_spacing_tablet":0,"ocean_menu_typo_spacing_mobile":0,"ocean_menu_typo_spacing_unit":"","ocean_menu_link_color":"","ocean_menu_link_color_hover":"","ocean_menu_link_color_active":"","ocean_menu_link_background":"","ocean_menu_link_hover_background":"","ocean_menu_link_active_background":"","ocean_menu_social_links_bg":"","ocean_menu_social_hover_links_bg":"","ocean_menu_social_links_color":"","ocean_menu_social_hover_links_color":"","ocean_disable_title":"default","ocean_disable_heading":"default","ocean_post_title":"","ocean_post_subheading":"","ocean_post_title_style":"","ocean_post_title_background_color":"","ocean_post_title_background":0,"ocean_post_title_bg_image_position":"","ocean_post_title_bg_image_attachment":"","ocean_post_title_bg_image_repeat":"","ocean_post_title_bg_image_size":"","ocean_post_title_height":0,"ocean_post_title_bg_overlay":0.5,"ocean_post_title_bg_overlay_color":"","ocean_disable_breadcrumbs":"default","ocean_breadcrumbs_color":"","ocean_breadcrumbs_separator_color":"","ocean_breadcrumbs_links_color":"","ocean_breadcrumbs_links_hover_color":"","ocean_display_footer_widgets":"default","ocean_display_footer_bottom":"default","ocean_custom_footer_template":"","footnotes":""},"yoast_head":"<!-- This site is optimized with the Yoast SEO plugin v23.0 - https:\/\/yoast.com\/wordpress\/plugins\/seo\/ -->\n<title>Qui sommes-nous ? - Le Grenier d&#039;Isis<\/title>\n<meta name=\"description\" content=\"Le Grenier d&#039;Isis Qui sommes-nous ? %\" \/>\n<meta name=\"robots\" content=\"index, follow, max-snippet:-1, max-image-preview:large, max-video-preview:-1\" \/>\n<link rel=\"canonical\" href=\"https:\/\/grenier-isis.com\/?page_id=432\" \/>\n<meta property=\"og:locale\" content=\"fr_FR\" \/>\n<meta property=\"og:type\" content=\"article\" \/>\n<meta property=\"og:title\" content=\"Qui sommes-nous ? - Le Grenier d&#039;Isis\" \/>\n<meta property=\"og:description\" content=\"Le Grenier d&#039;Isis Qui sommes-nous ? %\" \/>\n<meta property=\"og:url\" content=\"https:\/\/grenier-isis.com\/?page_id=432\" \/>\n<meta property=\"og:site_name\" content=\"Le Grenier d&#039;Isis\" \/>\n<meta property=\"article:publisher\" content=\"https:\/\/www.facebook.com\/people\/Le-grenier-dIsis\/61563455049460\/?mibextid=LQQJ4d&amp;rdid=io61r7MEn4CStVMk&amp;share_url=httpswww.facebook.comshareXayHLvUfMHxAu5pMmibextidLQQJ4d\" \/>\n<meta property=\"article:modified_time\" content=\"2024-11-02T15:13:39+00:00\" \/>\n<meta property=\"og:image\" content=\"https:\/\/grenier-isis.com\/wp-content\/uploads\/2024\/07\/19-291x300.jpg\" \/>\n<meta name=\"twitter:card\" content=\"summary_large_image\" \/>\n<meta name=\"twitter:label1\" content=\"Dur\u00e9e de lecture estim\u00e9e\" \/>\n\t<meta name=\"twitter:data1\" content=\"2 minutes\" \/>\n<script type=\"application\/ld+json\" class=\"yoast-schema-graph\">{\"@context\":\"https:\/\/schema.org\",\"@graph\":[{\"@type\":\"WebPage\",\"@id\":\"https:\/\/grenier-isis.com\/?page_id=432\",\"url\":\"https:\/\/grenier-isis.com\/?page_id=432\",\"name\":\"Qui sommes-nous ? - Le Grenier d&#039;Isis\",\"isPartOf\":{\"@id\":\"https:\/\/grenier-isis.com\/#website\"},\"primaryImageOfPage\":{\"@id\":\"https:\/\/grenier-isis.com\/?page_id=432#primaryimage\"},\"image\":{\"@id\":\"https:\/\/grenier-isis.com\/?page_id=432#primaryimage\"},\"thumbnailUrl\":\"https:\/\/grenier-isis.com\/wp-content\/uploads\/2024\/07\/19-291x300.jpg\",\"datePublished\":\"2024-09-03T07:24:05+00:00\",\"dateModified\":\"2024-11-02T15:13:39+00:00\",\"description\":\"Le Grenier d&#039;Isis Qui sommes-nous ? %\",\"breadcrumb\":{\"@id\":\"https:\/\/grenier-isis.com\/?page_id=432#breadcrumb\"},\"inLanguage\":\"fr-FR\",\"potentialAction\":[{\"@type\":\"ReadAction\",\"target\":[\"https:\/\/grenier-isis.com\/?page_id=432\"]}]},{\"@type\":\"ImageObject\",\"inLanguage\":\"fr-FR\",\"@id\":\"https:\/\/grenier-isis.com\/?page_id=432#primaryimage\",\"url\":\"https:\/\/grenier-isis.com\/wp-content\/uploads\/2024\/07\/19-scaled.jpg\",\"contentUrl\":\"https:\/\/grenier-isis.com\/wp-content\/uploads\/2024\/07\/19-scaled.jpg\",\"width\":2484,\"height\":2560},{\"@type\":\"BreadcrumbList\",\"@id\":\"https:\/\/grenier-isis.com\/?page_id=432#breadcrumb\",\"itemListElement\":[{\"@type\":\"ListItem\",\"position\":1,\"name\":\"Accueil\",\"item\":\"https:\/\/grenier-isis.com\/\"},{\"@type\":\"ListItem\",\"position\":2,\"name\":\"Qui sommes-nous ?\"}]},{\"@type\":\"WebSite\",\"@id\":\"https:\/\/grenier-isis.com\/#website\",\"url\":\"https:\/\/grenier-isis.com\/\",\"name\":\"Le Grenier d'Isis\",\"description\":\"Spiritualit\u00e9, Guidance et Bien-\u00eatre, Le Grenier d&#039;Isis cr\u00e9e des objets artisanaux en quantit\u00e9 limit\u00e9e.\",\"publisher\":{\"@id\":\"https:\/\/grenier-isis.com\/#organization\"},\"potentialAction\":[{\"@type\":\"SearchAction\",\"target\":{\"@type\":\"EntryPoint\",\"urlTemplate\":\"https:\/\/grenier-isis.com\/?s={search_term_string}\"},\"query-input\":\"required name=search_term_string\"}],\"inLanguage\":\"fr-FR\"},{\"@type\":\"Organization\",\"@id\":\"https:\/\/grenier-isis.com\/#organization\",\"name\":\"Le Grenier d'Isis\",\"url\":\"https:\/\/grenier-isis.com\/\",\"logo\":{\"@type\":\"ImageObject\",\"inLanguage\":\"fr-FR\",\"@id\":\"https:\/\/grenier-isis.com\/#\/schema\/logo\/image\/\",\"url\":\"https:\/\/grenier-isis.com\/wp-content\/uploads\/2024\/07\/FLYER-grenier-isis1.png\",\"contentUrl\":\"https:\/\/grenier-isis.com\/wp-content\/uploads\/2024\/07\/FLYER-grenier-isis1.png\",\"width\":428,\"height\":441,\"caption\":\"Le Grenier d'Isis\"},\"image\":{\"@id\":\"https:\/\/grenier-isis.com\/#\/schema\/logo\/image\/\"},\"sameAs\":[\"https:\/\/www.facebook.com\/people\/Le-grenier-dIsis\/61563455049460\/?mibextid=LQQJ4d&rdid=io61r7MEn4CStVMk&share_url=httpswww.facebook.comshareXayHLvUfMHxAu5pMmibextidLQQJ4d\",\"https:\/\/www.tiktok.com\/@le_grenier_disis\",\"https:\/\/www.instagram.com\/le_grenier_d_isis_?igsh=aDZlbjVrdnNsbTc3&utm_source=qr\",\"https:\/\/www.youtube.com\/@LeGrenierdIsis\"]}]}<\/script>\n<!-- \/ Yoast SEO plugin. -->","yoast_head_json":{"title":"Qui sommes-nous ? - Le Grenier d&#039;Isis","description":"Le Grenier d&#039;Isis Qui sommes-nous ? %","robots":{"index":"index","follow":"follow","max-snippet":"max-snippet:-1","max-image-preview":"max-image-preview:large","max-video-preview":"max-video-preview:-1"},"canonical":"https:\/\/grenier-isis.com\/?page_id=432","og_locale":"fr_FR","og_type":"article","og_title":"Qui sommes-nous ? - Le Grenier d&#039;Isis","og_description":"Le Grenier d&#039;Isis Qui sommes-nous ? %","og_url":"https:\/\/grenier-isis.com\/?page_id=432","og_site_name":"Le Grenier d&#039;Isis","article_publisher":"https:\/\/www.facebook.com\/people\/Le-grenier-dIsis\/61563455049460\/?mibextid=LQQJ4d&rdid=io61r7MEn4CStVMk&share_url=httpswww.facebook.comshareXayHLvUfMHxAu5pMmibextidLQQJ4d","article_modified_time":"2024-11-02T15:13:39+00:00","og_image":[{"url":"https:\/\/grenier-isis.com\/wp-content\/uploads\/2024\/07\/19-291x300.jpg"}],"twitter_card":"summary_large_image","twitter_misc":{"Dur\u00e9e de lecture estim\u00e9e":"2 minutes"},"schema":{"@context":"https:\/\/schema.org","@graph":[{"@type":"WebPage","@id":"https:\/\/grenier-isis.com\/?page_id=432","url":"https:\/\/grenier-isis.com\/?page_id=432","name":"Qui sommes-nous ? - Le Grenier d&#039;Isis","isPartOf":{"@id":"https:\/\/grenier-isis.com\/#website"},"primaryImageOfPage":{"@id":"https:\/\/grenier-isis.com\/?page_id=432#primaryimage"},"image":{"@id":"https:\/\/grenier-isis.com\/?page_id=432#primaryimage"},"thumbnailUrl":"https:\/\/grenier-isis.com\/wp-content\/uploads\/2024\/07\/19-291x300.jpg","datePublished":"2024-09-03T07:24:05+00:00","dateModified":"2024-11-02T15:13:39+00:00","description":"Le Grenier d&#039;Isis Qui sommes-nous ? %","breadcrumb":{"@id":"https:\/\/grenier-isis.com\/?page_id=432#breadcrumb"},"inLanguage":"fr-FR","potentialAction":[{"@type":"ReadAction","target":["https:\/\/grenier-isis.com\/?page_id=432"]}]},{"@type":"ImageObject","inLanguage":"fr-FR","@id":"https:\/\/grenier-isis.com\/?page_id=432#primaryimage","url":"https:\/\/grenier-isis.com\/wp-content\/uploads\/2024\/07\/19-scaled.jpg","contentUrl":"https:\/\/grenier-isis.com\/wp-content\/uploads\/2024\/07\/19-scaled.jpg","width":2484,"height":2560},{"@type":"BreadcrumbList","@id":"https:\/\/grenier-isis.com\/?page_id=432#breadcrumb","itemListElement":[{"@type":"ListItem","position":1,"name":"Accueil","item":"https:\/\/grenier-isis.com\/"},{"@type":"ListItem","position":2,"name":"Qui sommes-nous ?"}]},{"@type":"WebSite","@id":"https:\/\/grenier-isis.com\/#website","url":"https:\/\/grenier-isis.com\/","name":"Le Grenier d'Isis","description":"Spiritualit\u00e9, Guidance et Bien-\u00eatre, Le Grenier d&#039;Isis cr\u00e9e des objets artisanaux en quantit\u00e9 limit\u00e9e.","publisher":{"@id":"https:\/\/grenier-isis.com\/#organization"},"potentialAction":[{"@type":"SearchAction","target":{"@type":"EntryPoint","urlTemplate":"https:\/\/grenier-isis.com\/?s={search_term_string}"},"query-input":"required name=search_term_string"}],"inLanguage":"fr-FR"},{"@type":"Organization","@id":"https:\/\/grenier-isis.com\/#organization","name":"Le Grenier d'Isis","url":"https:\/\/grenier-isis.com\/","logo":{"@type":"ImageObject","inLanguage":"fr-FR","@id":"https:\/\/grenier-isis.com\/#\/schema\/logo\/image\/","url":"https:\/\/grenier-isis.com\/wp-content\/uploads\/2024\/07\/FLYER-grenier-isis1.png","contentUrl":"https:\/\/grenier-isis.com\/wp-content\/uploads\/2024\/07\/FLYER-grenier-isis1.png","width":428,"height":441,"caption":"Le Grenier d'Isis"},"image":{"@id":"https:\/\/grenier-isis.com\/#\/schema\/logo\/image\/"},"sameAs":["https:\/\/www.facebook.com\/people\/Le-grenier-dIsis\/61563455049460\/?mibextid=LQQJ4d&rdid=io61r7MEn4CStVMk&share_url=httpswww.facebook.comshareXayHLvUfMHxAu5pMmibextidLQQJ4d","https:\/\/www.tiktok.com\/@le_grenier_disis","https:\/\/www.instagram.com\/le_grenier_d_isis_?igsh=aDZlbjVrdnNsbTc3&utm_source=qr","https:\/\/www.youtube.com\/@LeGrenierdIsis"]}]}},"_links":{"self":[{"href":"https:\/\/grenier-isis.com\/index.php?rest_route=\/wp\/v2\/pages\/432"}],"collection":[{"href":"https:\/\/grenier-isis.com\/index.php?rest_route=\/wp\/v2\/pages"}],"about":[{"href":"https:\/\/grenier-isis.com\/index.php?rest_route=\/wp\/v2\/types\/page"}],"author":[{"embeddable":true,"href":"https:\/\/grenier-isis.com\/index.php?rest_route=\/wp\/v2\/users\/1"}],"replies":[{"embeddable":true,"href":"https:\/\/grenier-isis.com\/index.php?rest_route=%2Fwp%2Fv2%2Fcomments&post=432"}],"version-history":[{"count":73,"href":"https:\/\/grenier-isis.com\/index.php?rest_route=\/wp\/v2\/pages\/432\/revisions"}],"predecessor-version":[{"id":2330,"href":"https:\/\/grenier-isis.com\/index.php?rest_route=\/wp\/v2\/pages\/432\/revisions\/2330"}],"wp:attachment":[{"href":"https:\/\/grenier-isis.com\/index.php?rest_route=%2Fwp%2Fv2%2Fmedia&parent=432"}],"curies":[{"name":"wp","href":"https:\/\/api.w.org\/{rel}","templated":true}]}}